{"id":18,"date":"2025-10-16T13:07:52","date_gmt":"2025-10-16T13:07:52","guid":{"rendered":"https:\/\/thefallengodsgame.com\/?page_id=18"},"modified":"2026-01-16T20:00:00","modified_gmt":"2026-01-16T20:00:00","slug":"universe","status":"publish","type":"page","link":"https:\/\/thefallengodsgame.com\/en\/universe\/","title":{"rendered":"Universe"},"content":{"rendered":"<p>[et_pb_section fb_built=&#8221;1&#8243; _builder_version=&#8221;4.27.5&#8243; _module_preset=&#8221;default&#8221; background_image=&#8221;https:\/\/thefallengodsgame.com\/wp-content\/uploads\/2026\/01\/t_bg02.webp&#8221; background_size=&#8221;initial&#8221; background_repeat=&#8221;repeat&#8221; custom_padding=&#8221;||120px|||&#8221; bottom_divider_style=&#8221;asymmetric2&#8243; bottom_divider_color=&#8221;#18202F&#8221; hover_enabled=&#8221;0&#8243; global_colors_info=&#8221;{}&#8221; custom_css_main_element=&#8221;background-attachment: fixed;&#8221; sticky_enabled=&#8221;0&#8243;][et_pb_row _builder_version=&#8221;4.27.4&#8243; _module_preset=&#8221;default&#8221; width_tablet=&#8221;&#8221; width_phone=&#8221;90%&#8221; width_last_edited=&#8221;on|phone&#8221; global_colors_info=&#8221;{}&#8221;][et_pb_column type=&#8221;4_4&#8243; _builder_version=&#8221;4.27.4&#8243; _module_preset=&#8221;default&#8221; global_colors_info=&#8221;{}&#8221;][et_pb_text _builder_version=&#8221;4.27.4&#8243; text_font=&#8221;Cinzel||||||||&#8221; text_text_color=&#8221;#E5C46E&#8221; text_font_size=&#8221;32px&#8221; text_line_height=&#8221;2em&#8221; header_font=&#8221;Cinzel|||on|||||&#8221; header_text_color=&#8221;#E5C46E&#8221; header_font_size=&#8221;70px&#8221; header_line_height=&#8221;1.2em&#8221; text_orientation=&#8221;center&#8221; background_layout=&#8221;dark&#8221; header_font_size_tablet=&#8221;50px&#8221; header_font_size_phone=&#8221;40px&#8221; header_font_size_last_edited=&#8221;on|tablet&#8221; locked=&#8221;off&#8221; global_colors_info=&#8221;{}&#8221;]<\/p>\n<h1>A j\u00e1t\u00e9k vil\u00e1ga<\/h1>\n<p>[\/et_pb_text][et_pb_text _builder_version=&#8221;4.27.4&#8243; text_font=&#8221;Poppins||||||||&#8221; text_text_color=&#8221;#E5C46E&#8221; text_font_size=&#8221;16px&#8221; text_line_height=&#8221;2em&#8221; header_font=&#8221;Rubik|700||on|||||&#8221; header_font_size=&#8221;70px&#8221; header_line_height=&#8221;1.2em&#8221; text_orientation=&#8221;center&#8221; background_layout=&#8221;dark&#8221; header_font_size_tablet=&#8221;50px&#8221; header_font_size_phone=&#8221;40px&#8221; header_font_size_last_edited=&#8221;on|phone&#8221; locked=&#8221;off&#8221; global_colors_info=&#8221;{}&#8221;]<\/p>\n<p data-start=\"742\" data-end=\"827\">Egy \u0151si kor romjain \u00fajj\u00e1sz\u00fcletett vil\u00e1g \u2013 ahol a term\u00e9szet, a m\u00e1gia \u00e9s a civiliz\u00e1ci\u00f3 folyamatosan v\u00e1ltoz\u00f3 egyens\u00falyban \u00e9l.<\/p>\n<p data-start=\"829\" data-end=\"951\">[\/et_pb_text][\/et_pb_column][\/et_pb_row][et_pb_row column_structure=&#8221;1_2,1_2&#8243; _builder_version=&#8221;4.27.4&#8243; _module_preset=&#8221;default&#8221; width_tablet=&#8221;&#8221; width_phone=&#8221;90%&#8221; width_last_edited=&#8221;on|phone&#8221; global_colors_info=&#8221;{}&#8221;][et_pb_column type=&#8221;1_2&#8243; _builder_version=&#8221;4.27.4&#8243; _module_preset=&#8221;default&#8221; global_colors_info=&#8221;{}&#8221;][et_pb_text _builder_version=&#8221;4.27.4&#8243; text_font=&#8221;Poppins||||||||&#8221; text_text_color=&#8221;#FFFFFF&#8221; text_font_size=&#8221;16px&#8221; text_line_height=&#8221;2em&#8221; header_font=&#8221;Rubik|700||on|||||&#8221; header_font_size=&#8221;70px&#8221; header_line_height=&#8221;1.2em&#8221; background_layout=&#8221;dark&#8221; custom_padding=&#8221;||6px|||&#8221; header_font_size_tablet=&#8221;50px&#8221; header_font_size_phone=&#8221;40px&#8221; header_font_size_last_edited=&#8221;on|phone&#8221; locked=&#8221;off&#8221; global_colors_info=&#8221;{}&#8221;]<\/p>\n<p data-start=\"1148\" data-end=\"1575\">A \u201eThe Fallen Gods\u201d vil\u00e1ga egy \u0151si, isteni korszak romjain sz\u00fcletett \u00fajj\u00e1 \u2013 egy olyan vil\u00e1g, ahol a term\u00e9szet, a m\u00e1gia \u00e9s a civiliz\u00e1ci\u00f3k t\u00f6r\u00e9keny egyens\u00falya folyamatosan v\u00e1ltozik. A vil\u00e1g t\u00f6bb, egym\u00e1st\u00f3l elt\u00e9r\u0151 birodalomb\u00f3l \u00e9s r\u00e9gi\u00f3b\u00f3l \u00e1ll, melyeket az isteni m\u00falt k\u00fcl\u00f6nf\u00e9le aspektusai form\u00e1ltak. Ezek a ter\u00fcletek mind saj\u00e1t, mark\u00e1nsan elt\u00e9r\u0151 identit\u00e1ssal b\u00edrnak: egyes helyeken a roml\u00e1s \u00e9s pusztul\u00e1s uralkodik, m\u00edg m\u00e1shol a t\u00fal\u00e9l\u0151 kult\u00far\u00e1k pr\u00f3b\u00e1lj\u00e1k \u00fajra\u00e9rtelmezni az isteni \u00f6r\u00f6ks\u00e9get.<\/p>\n<p>A vil\u00e1g magj\u00e1t egy \u0151si, megosztott kontinens alkotja, amelyet hatalmas hegys\u00e9gek, m\u00e9ly kanyonok \u00e9s elfeledett v\u00e1rosok szelnek \u00e1t. A civiliz\u00e1ci\u00f3k k\u00f6z\u00f6tt egykor az istenek uralkodtak, akik k\u00fcl\u00f6nb\u00f6z\u0151 birodalmakat \u00e9s vall\u00e1si rendeket hoztak l\u00e9tre. A buk\u00e1sukat k\u00f6vet\u0151en azonban az \u00e1ltaluk hagyott er\u0151k \u00e9s eml\u00e9kek torz m\u00f3don tov\u00e1bb \u00e9lnek: templomok omladoz\u00f3 romjai, \u00e9l\u0151 k\u0151szobrok, vagy el\u00e1tkozott t\u00e1jak form\u00e1j\u00e1ban. Minden r\u00e9gi\u00f3 egy-egy isteni aspektust k\u00e9pvisel \u2014 p\u00e9ld\u00e1ul a harag, a tud\u00e1s, a teremt\u00e9s vagy a pusztul\u00e1s szf\u00e9r\u00e1j\u00e1t \u2014, amelyek az ott \u00e9l\u0151k kult\u00far\u00e1j\u00e1ban \u00e9s erk\u00f6lcsi felfog\u00e1s\u00e1ban is t\u00fckr\u00f6z\u0151dnek.<\/p>\n<p>[\/et_pb_text][dsm_icon_list _builder_version=&#8221;4.27.4&#8243; _module_preset=&#8221;default&#8221; global_colors_info=&#8221;{}&#8221;][\/dsm_icon_list][\/et_pb_column][et_pb_column type=&#8221;1_2&#8243; _builder_version=&#8221;4.27.4&#8243; _module_preset=&#8221;default&#8221; global_colors_info=&#8221;{}&#8221;][et_pb_image src=&#8221;https:\/\/thefallengodsgame.com\/wp-content\/uploads\/2025\/10\/map_07_drawing_02_better_drawn_colored_finale.jpg&#8221; title_text=&#8221;map_07_drawing_02_better_drawn_colored_finale&#8221; show_in_lightbox=&#8221;on&#8221; _builder_version=&#8221;4.27.4&#8243; _module_preset=&#8221;default&#8221; animation_style=&#8221;fold&#8221; animation_direction=&#8221;left&#8221; box_shadow_style=&#8221;preset1&#8243; box_shadow_color=&#8221;#E5C46E&#8221; global_colors_info=&#8221;{}&#8221;][\/et_pb_image][\/et_pb_column][\/et_pb_row][et_pb_row column_structure=&#8221;1_2,1_2&#8243; disabled_on=&#8221;on|on|off&#8221; _builder_version=&#8221;4.27.4&#8243; _module_preset=&#8221;default&#8221; width_tablet=&#8221;&#8221; width_phone=&#8221;90%&#8221; width_last_edited=&#8221;on|phone&#8221; global_colors_info=&#8221;{}&#8221;][et_pb_column type=&#8221;1_2&#8243; _builder_version=&#8221;4.27.4&#8243; _module_preset=&#8221;default&#8221; global_colors_info=&#8221;{}&#8221;][et_pb_image src=&#8221;https:\/\/thefallengodsgame.com\/wp-content\/uploads\/2025\/10\/szakasz_05_coloring-1-scaled.jpg&#8221; title_text=&#8221;szakasz_05_coloring&#8221; show_in_lightbox=&#8221;on&#8221; _builder_version=&#8221;4.27.4&#8243; _module_preset=&#8221;default&#8221; animation_style=&#8221;fold&#8221; animation_direction=&#8221;right&#8221; box_shadow_style=&#8221;preset1&#8243; box_shadow_color=&#8221;#E5C46E&#8221; global_colors_info=&#8221;{}&#8221;][\/et_pb_image][\/et_pb_column][et_pb_column type=&#8221;1_2&#8243; _builder_version=&#8221;4.27.4&#8243; _module_preset=&#8221;default&#8221; global_colors_info=&#8221;{}&#8221;][et_pb_text _builder_version=&#8221;4.27.4&#8243; text_font=&#8221;Poppins||||||||&#8221; text_text_color=&#8221;#FFFFFF&#8221; text_font_size=&#8221;16px&#8221; text_line_height=&#8221;2em&#8221; header_font=&#8221;Rubik|700||on|||||&#8221; header_font_size=&#8221;70px&#8221; header_line_height=&#8221;1.2em&#8221; background_layout=&#8221;dark&#8221; custom_padding=&#8221;||6px|||&#8221; header_font_size_tablet=&#8221;50px&#8221; header_font_size_phone=&#8221;40px&#8221; header_font_size_last_edited=&#8221;on|phone&#8221; locked=&#8221;off&#8221; global_colors_info=&#8221;{}&#8221;]<\/p>\n<p data-start=\"2250\" data-end=\"2286\">Az emberek, t\u00f6rzsek \u00e9s f\u00e9listenek \u00e1ltal lakott ter\u00fcletek k\u00f6zti hat\u00e1rok folyamatosan v\u00e1ltoznak. A t\u00fal\u00e9l\u0151k gyakran r\u00e9gi istenek elfeledett templomaiba h\u00faz\u00f3dnak, hogy v\u00e9delmet tal\u00e1ljanak az isteni energi\u00e1k maradv\u00e1nyait\u00f3l megfert\u0151z\u00f6tt l\u00e9nyek \u00e9s katasztr\u00f3f\u00e1k el\u0151l. A civiliz\u00e1ci\u00f3k k\u00f6z\u00f6tti konfliktusok nem csup\u00e1n politikai, hanem spiritu\u00e1lis term\u00e9szet\u0171ek: minden kult\u00fara m\u00e1sk\u00e9pp \u00e9rtelmezi a buk\u00e1s t\u00f6rt\u00e9net\u00e9t, \u00e9s saj\u00e1t m\u00f3dj\u00e1n pr\u00f3b\u00e1lja visszaszerezni az isteni rendet vagy v\u00e9gk\u00e9pp elpuszt\u00edtani annak maradv\u00e1nyait.<\/p>\n<p>A vil\u00e1g atmoszf\u00e9r\u00e1ja s\u00f6t\u00e9t, m\u00e9gis m\u00e9lt\u00f3s\u00e1gteljes \u2014 minden t\u00e1j a dics\u0151s\u00e9g \u00e9s buk\u00e1s kett\u0151ss\u00e9g\u00e9t hordozza. Az egykori isteni v\u00e1rosok f\u00e9nyl\u0151 romjai, a fekete erd\u0151kben rejt\u0151z\u0151 sz\u00f6rnyek \u00e9s a hegyekbe v\u00e9sett szent\u00e9lyek mind egy let\u0171nt korszak nagys\u00e1g\u00e1t id\u00e9zik.<\/p>\n<p>[\/et_pb_text][\/et_pb_column][\/et_pb_row][et_pb_row column_structure=&#8221;1_2,1_2&#8243; disabled_on=&#8221;off|off|on&#8221; _builder_version=&#8221;4.27.4&#8243; _module_preset=&#8221;default&#8221; width_tablet=&#8221;&#8221; width_phone=&#8221;90%&#8221; width_last_edited=&#8221;on|phone&#8221; global_colors_info=&#8221;{}&#8221;][et_pb_column type=&#8221;1_2&#8243; _builder_version=&#8221;4.27.4&#8243; _module_preset=&#8221;default&#8221; global_colors_info=&#8221;{}&#8221;][et_pb_text _builder_version=&#8221;4.27.4&#8243; text_font=&#8221;Poppins||||||||&#8221; text_text_color=&#8221;#FFFFFF&#8221; text_font_size=&#8221;16px&#8221; text_line_height=&#8221;2em&#8221; header_font=&#8221;Rubik|700||on|||||&#8221; header_font_size=&#8221;70px&#8221; header_line_height=&#8221;1.2em&#8221; background_layout=&#8221;dark&#8221; custom_padding=&#8221;||6px|||&#8221; header_font_size_tablet=&#8221;50px&#8221; header_font_size_phone=&#8221;40px&#8221; header_font_size_last_edited=&#8221;on|phone&#8221; locked=&#8221;off&#8221; global_colors_info=&#8221;{}&#8221;]<\/p>\n<p data-start=\"2250\" data-end=\"2286\">Az emberek, t\u00f6rzsek \u00e9s f\u00e9listenek \u00e1ltal lakott ter\u00fcletek k\u00f6zti hat\u00e1rok folyamatosan v\u00e1ltoznak. A t\u00fal\u00e9l\u0151k gyakran r\u00e9gi istenek elfeledett templomaiba h\u00faz\u00f3dnak, hogy v\u00e9delmet tal\u00e1ljanak az isteni energi\u00e1k maradv\u00e1nyait\u00f3l megfert\u0151z\u00f6tt l\u00e9nyek \u00e9s katasztr\u00f3f\u00e1k el\u0151l. A civiliz\u00e1ci\u00f3k k\u00f6z\u00f6tti konfliktusok nem csup\u00e1n politikai, hanem spiritu\u00e1lis term\u00e9szet\u0171ek: minden kult\u00fara m\u00e1sk\u00e9pp \u00e9rtelmezi a buk\u00e1s t\u00f6rt\u00e9net\u00e9t, \u00e9s saj\u00e1t m\u00f3dj\u00e1n pr\u00f3b\u00e1lja visszaszerezni az isteni rendet vagy v\u00e9gk\u00e9pp elpuszt\u00edtani annak maradv\u00e1nyait.<\/p>\n<p>A vil\u00e1g atmoszf\u00e9r\u00e1ja s\u00f6t\u00e9t, m\u00e9gis m\u00e9lt\u00f3s\u00e1gteljes \u2014 minden t\u00e1j a dics\u0151s\u00e9g \u00e9s buk\u00e1s kett\u0151ss\u00e9g\u00e9t hordozza. Az egykori isteni v\u00e1rosok f\u00e9nyl\u0151 romjai, a fekete erd\u0151kben rejt\u0151z\u0151 sz\u00f6rnyek \u00e9s a hegyekbe v\u00e9sett szent\u00e9lyek mind egy let\u0171nt korszak nagys\u00e1g\u00e1t id\u00e9zik.<\/p>\n<p>[\/et_pb_text][\/et_pb_column][et_pb_column type=&#8221;1_2&#8243; _builder_version=&#8221;4.27.4&#8243; _module_preset=&#8221;default&#8221; global_colors_info=&#8221;{}&#8221;][et_pb_image src=&#8221;https:\/\/thefallengodsgame.com\/wp-content\/uploads\/2025\/10\/szakasz_05_coloring-1-scaled.jpg&#8221; title_text=&#8221;szakasz_05_coloring&#8221; show_in_lightbox=&#8221;on&#8221; _builder_version=&#8221;4.27.4&#8243; _module_preset=&#8221;default&#8221; animation_style=&#8221;fold&#8221; animation_direction=&#8221;right&#8221; box_shadow_style=&#8221;preset1&#8243; box_shadow_color=&#8221;#E5C46E&#8221; global_colors_info=&#8221;{}&#8221;][\/et_pb_image][\/et_pb_column][\/et_pb_row][et_pb_row column_structure=&#8221;1_2,1_2&#8243; _builder_version=&#8221;4.27.4&#8243; _module_preset=&#8221;default&#8221; width_tablet=&#8221;&#8221; width_phone=&#8221;90%&#8221; width_last_edited=&#8221;on|phone&#8221; custom_margin=&#8221;|auto|2px|auto||&#8221; global_colors_info=&#8221;{}&#8221;][et_pb_column type=&#8221;1_2&#8243; _builder_version=&#8221;4.27.4&#8243; _module_preset=&#8221;default&#8221; global_colors_info=&#8221;{}&#8221;][et_pb_text _builder_version=&#8221;4.27.4&#8243; text_font=&#8221;Poppins||||||||&#8221; text_text_color=&#8221;#FFFFFF&#8221; text_font_size=&#8221;16px&#8221; text_line_height=&#8221;2em&#8221; header_font=&#8221;Rubik|700||on|||||&#8221; header_font_size=&#8221;70px&#8221; header_line_height=&#8221;1.2em&#8221; background_layout=&#8221;dark&#8221; custom_padding=&#8221;||6px|||&#8221; header_font_size_tablet=&#8221;50px&#8221; header_font_size_phone=&#8221;40px&#8221; header_font_size_last_edited=&#8221;on|phone&#8221; locked=&#8221;off&#8221; global_colors_info=&#8221;{}&#8221;]<\/p>\n<p>A \u201e<strong>The <em>Fallen Gods\u201d<\/em><\/strong> vil\u00e1g\u00e1ban az istenek nem puszt\u00e1n h\u00e1tt\u00e9rt\u00f6rt\u00e9net, hanem a val\u00f3s\u00e1got alak\u00edt\u00f3 er\u0151forr\u00e1sok. A j\u00e1t\u00e9kos, mik\u00f6zben bej\u00e1rja ezt a vil\u00e1got, fokozatosan megismeri az isteni hierarchi\u00e1k buk\u00e1s\u00e1nak t\u00f6rt\u00e9net\u00e9t, \u00e9s felfedezi, hogyan sz\u00f6v\u0151dnek \u00f6ssze a haland\u00f3 n\u00e9pek sorsai az isteni hatalmak maradv\u00e1nyaival. A vil\u00e1g \u00edgy egyszerre szolg\u00e1l kalandterepk\u00e9nt \u00e9s mor\u00e1lis t\u00fck\u00f6rk\u00e9nt \u2014 minden felfedezett ter\u00fclet \u00fajabb k\u00e9rd\u00e9seket vet fel az emberi \u00e9s isteni term\u00e9szet hat\u00e1rair\u00f3l.<\/p>\n<p>[\/et_pb_text][et_pb_text _builder_version=&#8221;4.27.4&#8243; text_font=&#8221;Lato||||||||&#8221; text_text_color=&#8221;#E5C46E&#8221; text_font_size=&#8221;28px&#8221; text_line_height=&#8221;2em&#8221; header_font=&#8221;Rubik|700||on|||||&#8221; header_font_size=&#8221;70px&#8221; header_line_height=&#8221;1.2em&#8221; text_orientation=&#8221;center&#8221; background_layout=&#8221;dark&#8221; header_font_size_tablet=&#8221;50px&#8221; header_font_size_phone=&#8221;40px&#8221; header_font_size_last_edited=&#8221;on|phone&#8221; locked=&#8221;off&#8221; global_colors_info=&#8221;{}&#8221;]<\/p>\n<p data-start=\"742\" data-end=\"827\">\u00d6sszess\u00e9g\u00e9ben a \u201eThe Fallen Gods\u201d vil\u00e1ga egy festm\u00e9nyszer\u0171, mitikus \u00e9s folyamatosan v\u00e1ltoz\u00f3 t\u00e9r, ahol az \u0151si m\u00falt \u00e1rnyai m\u00e9g mindig form\u00e1lj\u00e1k a jelent. Egy olyan hely, ahol a romok k\u00f6z\u00f6tt m\u00e9g mindig visszhangzik az istenek hangja.<\/p>\n<p data-start=\"829\" data-end=\"951\">[\/et_pb_text][dsm_icon_list _builder_version=&#8221;4.27.4&#8243; _module_preset=&#8221;default&#8221; global_colors_info=&#8221;{}&#8221;][\/dsm_icon_list][\/et_pb_column][et_pb_column type=&#8221;1_2&#8243; _builder_version=&#8221;4.27.4&#8243; _module_preset=&#8221;default&#8221; global_colors_info=&#8221;{}&#8221;][et_pb_image src=&#8221;https:\/\/thefallengodsgame.com\/wp-content\/uploads\/2025\/10\/fallengods_rendszr-2_000-scaled.png&#8221; title_text=&#8221;fallengods_rendszr 2_000&#8243; url=&#8221;https:\/\/thefallengodsgame.com\/wp-content\/uploads\/2025\/10\/fallengods_rendszr-2_000-scaled.png&#8221; url_new_window=&#8221;on&#8221; _builder_version=&#8221;4.27.4&#8243; _module_preset=&#8221;default&#8221; animation_style=&#8221;fold&#8221; animation_direction=&#8221;left&#8221; box_shadow_style=&#8221;preset1&#8243; box_shadow_color=&#8221;#E5C46E&#8221; global_colors_info=&#8221;{}&#8221;][\/et_pb_image][\/et_pb_column][\/et_pb_row][et_pb_row _builder_version=&#8221;4.27.4&#8243; _module_preset=&#8221;default&#8221; global_colors_info=&#8221;{}&#8221;][et_pb_column type=&#8221;4_4&#8243; _builder_version=&#8221;4.27.4&#8243; _module_preset=&#8221;default&#8221; global_colors_info=&#8221;{}&#8221;][et_pb_button button_url=&#8221;https:\/\/thefallengodsgame.com\/community\/&#8221; button_text=&#8221;Csatlakozz a k\u00f6z\u00f6ss\u00e9ghez&#8221; button_alignment=&#8221;center&#8221; _builder_version=&#8221;4.27.4&#8243; custom_button=&#8221;on&#8221; button_text_size=&#8221;14px&#8221; button_text_color=&#8221;#E5C46E&#8221; button_bg_use_color_gradient=&#8221;on&#8221; button_bg_color_gradient_stops=&#8221;#5470a0 0%|#040912 100%&#8221; button_border_width=&#8221;0px&#8221; button_border_color=&#8221;RGBA(255,255,255,0)&#8221; button_border_radius=&#8221;100px&#8221; button_letter_spacing=&#8221;1px&#8221; button_font=&#8221;Rubik|500||on|||||&#8221; button_icon=&#8221;&#x35;||divi||400&#8243; button_icon_color=&#8221;#E5C46E&#8221; background_layout=&#8221;dark&#8221; custom_padding=&#8221;16px|40px|16px|54px|true|false&#8221; box_shadow_style=&#8221;preset1&#8243; box_shadow_spread=&#8221;6px&#8221; box_shadow_color=&#8221;#E5C46E&#8221; locked=&#8221;off&#8221; global_colors_info=&#8221;{}&#8221; button_letter_spacing__hover_enabled=&#8221;on&#8221; button_letter_spacing__hover=&#8221;2px&#8221;][\/et_pb_button][\/et_pb_column][\/et_pb_row][\/et_pb_section]<\/p>\n","protected":false},"excerpt":{"rendered":"<p>A j\u00e1t\u00e9k vil\u00e1gaEgy \u0151si kor romjain \u00fajj\u00e1sz\u00fcletett vil\u00e1g \u2013 ahol a term\u00e9szet, a m\u00e1gia \u00e9s a civiliz\u00e1ci\u00f3 folyamatosan v\u00e1ltoz\u00f3 egyens\u00falyban \u00e9l. A \u201eThe Fallen Gods\u201d vil\u00e1ga egy \u0151si, isteni korszak romjain sz\u00fcletett \u00fajj\u00e1 \u2013 egy olyan vil\u00e1g, ahol a term\u00e9szet, a m\u00e1gia \u00e9s a civiliz\u00e1ci\u00f3k t\u00f6r\u00e9keny egyens\u00falya folyamatosan v\u00e1ltozik. A vil\u00e1g t\u00f6bb, egym\u00e1st\u00f3l elt\u00e9r\u0151 birodalomb\u00f3l \u00e9s r\u00e9gi\u00f3b\u00f3l \u00e1ll, melyeket az isteni m\u00falt k\u00fcl\u00f6nf\u00e9le aspektusai form\u00e1ltak. Ezek a ter\u00fcletek mind saj\u00e1t, mark\u00e1nsan elt\u00e9r\u0151 identit\u00e1ssal b\u00edrnak: egyes helyeken a roml\u00e1s \u00e9s pusztul\u00e1s uralkodik, m\u00edg m\u00e1shol a t\u00fal\u00e9l\u0151 kult\u00far\u00e1k pr\u00f3b\u00e1lj\u00e1k \u00fajra\u00e9rtelmezni az isteni \u00f6r\u00f6ks\u00e9get. A vil\u00e1g magj\u00e1t egy \u0151si, megosztott kontinens alkotja, amelyet hatalmas hegys\u00e9gek, m\u00e9ly kanyonok \u00e9s elfeledett v\u00e1rosok szelnek \u00e1t. A civiliz\u00e1ci\u00f3k k\u00f6z\u00f6tt egykor az istenek uralkodtak, akik k\u00fcl\u00f6nb\u00f6z\u0151 birodalmakat \u00e9s vall\u00e1si rendeket hoztak l\u00e9tre. A buk\u00e1sukat k\u00f6vet\u0151en azonban az \u00e1ltaluk hagyott er\u0151k \u00e9s eml\u00e9kek torz m\u00f3don tov\u00e1bb \u00e9lnek: templomok omladoz\u00f3 romjai, \u00e9l\u0151 k\u0151szobrok, vagy el\u00e1tkozott t\u00e1jak form\u00e1j\u00e1ban. Minden r\u00e9gi\u00f3 egy-egy isteni aspektust k\u00e9pvisel \u2014 p\u00e9ld\u00e1ul a harag, a tud\u00e1s, a teremt\u00e9s vagy a pusztul\u00e1s szf\u00e9r\u00e1j\u00e1t \u2014, amelyek az ott \u00e9l\u0151k kult\u00far\u00e1j\u00e1ban \u00e9s erk\u00f6lcsi felfog\u00e1s\u00e1ban is t\u00fckr\u00f6z\u0151dnek.<div class=\"et_pb_module dsm_icon_list dsm_icon_list_0\">\n\t\t\t\t\n\t\t\t\t\n\t\t\t\t\n\t\t\t\t\n\t\t\t\t\n\t\t\t\t\n\t\t\t\t<div class=\"et_pb_module_inner\">\n\t\t\t\t\t<ul class=\"dsm_icon_list_items dsm_icon_list_ltr_direction dsm_icon_list_layout_vertical\"><\/ul>\n\t\t\t\t<\/div>\n\t\t\t<\/div>Az emberek, t\u00f6rzsek \u00e9s f\u00e9listenek \u00e1ltal lakott ter\u00fcletek k\u00f6zti hat\u00e1rok folyamatosan v\u00e1ltoznak. A t\u00fal\u00e9l\u0151k gyakran r\u00e9gi istenek elfeledett templomaiba h\u00faz\u00f3dnak, hogy v\u00e9delmet [&hellip;]<\/p>\n","protected":false},"author":1,"featured_media":0,"parent":0,"menu_order":0,"comment_status":"closed","ping_status":"closed","template":"","meta":{"_et_pb_use_builder":"on","_et_pb_old_content":"","_et_gb_content_width":"","pagelayer_contact_templates":[],"_pagelayer_content":"","footnotes":""},"class_list":["post-18","page","type-page","status-publish","hentry"],"_links":{"self":[{"href":"https:\/\/thefallengodsgame.com\/en\/wp-json\/wp\/v2\/pages\/18","targetHints":{"allow":["GET"]}}],"collection":[{"href":"https:\/\/thefallengodsgame.com\/en\/wp-json\/wp\/v2\/pages"}],"about":[{"href":"https:\/\/thefallengodsgame.com\/en\/wp-json\/wp\/v2\/types\/page"}],"author":[{"embeddable":true,"href":"https:\/\/thefallengodsgame.com\/en\/wp-json\/wp\/v2\/users\/1"}],"replies":[{"embeddable":true,"href":"https:\/\/thefallengodsgame.com\/en\/wp-json\/wp\/v2\/comments?post=18"}],"version-history":[{"count":12,"href":"https:\/\/thefallengodsgame.com\/en\/wp-json\/wp\/v2\/pages\/18\/revisions"}],"predecessor-version":[{"id":693,"href":"https:\/\/thefallengodsgame.com\/en\/wp-json\/wp\/v2\/pages\/18\/revisions\/693"}],"wp:attachment":[{"href":"https:\/\/thefallengodsgame.com\/en\/wp-json\/wp\/v2\/media?parent=18"}],"curies":[{"name":"wp","href":"https:\/\/api.w.org\/{rel}","templated":true}]}}