{"id":33,"date":"2025-10-16T13:30:41","date_gmt":"2025-10-16T13:30:41","guid":{"rendered":"https:\/\/thefallengodsgame.com\/?page_id=33"},"modified":"2026-01-25T16:09:10","modified_gmt":"2026-01-25T16:09:10","slug":"community","status":"publish","type":"page","link":"https:\/\/thefallengodsgame.com\/en\/community\/","title":{"rendered":"Community"},"content":{"rendered":"<p>[et_pb_section fb_built=&#8221;1&#8243; _builder_version=&#8221;4.27.5&#8243; _module_preset=&#8221;default&#8221; background_image=&#8221;https:\/\/thefallengodsgame.com\/wp-content\/uploads\/2026\/01\/t_bg02.webp&#8221; background_size=&#8221;initial&#8221; background_repeat=&#8221;repeat&#8221; custom_padding=&#8221;||120px|||&#8221; bottom_divider_style=&#8221;asymmetric2&#8243; bottom_divider_color=&#8221;#18202F&#8221; custom_css_main_element=&#8221;background-attachment: fixed;&#8221; global_colors_info=&#8221;{}&#8221;][et_pb_row _builder_version=&#8221;4.27.4&#8243; _module_preset=&#8221;default&#8221; width_tablet=&#8221;&#8221; width_phone=&#8221;90%&#8221; width_last_edited=&#8221;on|phone&#8221; global_colors_info=&#8221;{}&#8221;][et_pb_column type=&#8221;4_4&#8243; _builder_version=&#8221;4.27.4&#8243; _module_preset=&#8221;default&#8221; global_colors_info=&#8221;{}&#8221;][et_pb_text _builder_version=&#8221;4.27.4&#8243; text_font=&#8221;Cinzel||||||||&#8221; text_text_color=&#8221;#E5C46E&#8221; text_font_size=&#8221;32px&#8221; text_line_height=&#8221;2em&#8221; header_font=&#8221;Cinzel|||on|||||&#8221; header_text_color=&#8221;#E5C46E&#8221; header_font_size=&#8221;70px&#8221; header_line_height=&#8221;1.2em&#8221; text_orientation=&#8221;center&#8221; background_layout=&#8221;dark&#8221; header_font_size_tablet=&#8221;50px&#8221; header_font_size_phone=&#8221;40px&#8221; header_font_size_last_edited=&#8221;on|tablet&#8221; locked=&#8221;off&#8221; global_colors_info=&#8221;{}&#8221;]<\/p>\n<h1>K\u00f6z\u00f6ss\u00e9g<\/h1>\n<p>[\/et_pb_text][et_pb_text _builder_version=&#8221;4.27.4&#8243; text_font=&#8221;Poppins||||||||&#8221; text_text_color=&#8221;#E5C46E&#8221; text_font_size=&#8221;16px&#8221; text_line_height=&#8221;2em&#8221; header_font=&#8221;Rubik|700||on|||||&#8221; header_font_size=&#8221;70px&#8221; header_line_height=&#8221;1.2em&#8221; text_orientation=&#8221;center&#8221; background_layout=&#8221;dark&#8221; header_font_size_tablet=&#8221;50px&#8221; header_font_size_phone=&#8221;40px&#8221; header_font_size_last_edited=&#8221;on|phone&#8221; locked=&#8221;off&#8221; global_colors_info=&#8221;{}&#8221;]<\/p>\n<p data-start=\"742\" data-end=\"827\">L\u00e9gy r\u00e9szese a <em data-start=\"767\" data-end=\"784\">The Fallen Gods<\/em> vil\u00e1g\u00e1nak m\u00e1r most \u2014 miel\u0151tt a legenda \u00e9letre kel.<\/p>\n<p data-start=\"829\" data-end=\"951\">[\/et_pb_text][\/et_pb_column][\/et_pb_row][et_pb_row _builder_version=&#8221;4.27.4&#8243; _module_preset=&#8221;default&#8221; width_tablet=&#8221;&#8221; width_phone=&#8221;90%&#8221; width_last_edited=&#8221;on|phone&#8221; global_colors_info=&#8221;{}&#8221;][et_pb_column type=&#8221;4_4&#8243; _builder_version=&#8221;4.27.4&#8243; _module_preset=&#8221;default&#8221; global_colors_info=&#8221;{}&#8221;][et_pb_text _builder_version=&#8221;4.27.4&#8243; text_font=&#8221;Poppins||||||||&#8221; text_text_color=&#8221;#FFFFFF&#8221; text_font_size=&#8221;16px&#8221; text_line_height=&#8221;2em&#8221; header_font=&#8221;Rubik|700||on|||||&#8221; header_font_size=&#8221;70px&#8221; header_line_height=&#8221;1.2em&#8221; text_orientation=&#8221;center&#8221; background_layout=&#8221;dark&#8221; custom_padding=&#8221;||6px|||&#8221; header_font_size_tablet=&#8221;50px&#8221; header_font_size_phone=&#8221;40px&#8221; header_font_size_last_edited=&#8221;on|phone&#8221; locked=&#8221;off&#8221; global_colors_info=&#8221;{}&#8221;]<\/p>\n<p data-start=\"1148\" data-end=\"1575\">Discord k\u00f6z\u00f6ss\u00e9g\u00fcnk tagjai betekint\u00e9st kapnak a fejleszt\u00e9s kulissz\u00e1i m\u00f6g\u00e9, megoszthatj\u00e1k v\u00e9lem\u00e9ny\u00fcket, \u00e9s r\u00e9szesei lehetnek a vil\u00e1g form\u00e1l\u00e1s\u00e1nak.<br \/>A s\u00f6t\u00e9ts\u00e9g \u00e9s f\u00e9ny hat\u00e1r\u00e1n minden hang sz\u00e1m\u00edt.<\/p>\n<p>[\/et_pb_text][\/et_pb_column][\/et_pb_row][et_pb_row _builder_version=&#8221;4.27.4&#8243; _module_preset=&#8221;default&#8221; width_tablet=&#8221;90%&#8221; width_phone=&#8221;95%&#8221; width_last_edited=&#8221;on|tablet&#8221; global_colors_info=&#8221;{}&#8221;][et_pb_column type=&#8221;4_4&#8243; _builder_version=&#8221;4.27.4&#8243; _module_preset=&#8221;default&#8221; global_colors_info=&#8221;{}&#8221;][et_pb_button button_url=&#8221;https:\/\/discord.gg\/ftZeTgAEms&#8221; button_text=&#8221;Csatlakozom&#8221; button_alignment=&#8221;center&#8221; _builder_version=&#8221;4.27.4&#8243; custom_button=&#8221;on&#8221; button_text_size=&#8221;14px&#8221; button_text_color=&#8221;#E5C46E&#8221; button_bg_use_color_gradient=&#8221;on&#8221; button_bg_color_gradient_stops=&#8221;#5470a0 0%|#040912 100%&#8221; button_border_width=&#8221;0px&#8221; button_border_color=&#8221;RGBA(255,255,255,0)&#8221; button_border_radius=&#8221;100px&#8221; button_letter_spacing=&#8221;1px&#8221; button_font=&#8221;Rubik|500||on|||||&#8221; button_icon=&#8221;&#x35;||divi||400&#8243; button_icon_color=&#8221;#E5C46E&#8221; background_layout=&#8221;dark&#8221; custom_padding=&#8221;16px|40px|16px|54px|true|false&#8221; box_shadow_style=&#8221;preset1&#8243; box_shadow_spread=&#8221;6px&#8221; box_shadow_color=&#8221;#E5C46E&#8221; locked=&#8221;off&#8221; global_colors_info=&#8221;{}&#8221; button_letter_spacing__hover_enabled=&#8221;on&#8221; button_letter_spacing__hover=&#8221;2px&#8221;][\/et_pb_button][et_pb_image src=&#8221;https:\/\/thefallengodsgame.com\/wp-content\/uploads\/2026\/01\/WEBP_2500.webp&#8221; title_text=&#8221;WEBP_2500&#8243; _builder_version=&#8221;4.27.5&#8243; _module_preset=&#8221;default&#8221; hover_enabled=&#8221;0&#8243; global_colors_info=&#8221;{}&#8221; max_width=&#8221;80%&#8221; module_alignment=&#8221;center&#8221; custom_padding=&#8221;60px||60px||true|false&#8221; sticky_enabled=&#8221;0&#8243;][\/et_pb_image][\/et_pb_column][\/et_pb_row][et_pb_row column_structure=&#8221;1_3,1_3,1_3&#8243; _builder_version=&#8221;4.27.4&#8243; _module_preset=&#8221;default&#8221; width_tablet=&#8221;&#8221; width_phone=&#8221;90%&#8221; width_last_edited=&#8221;on|phone&#8221; global_colors_info=&#8221;{}&#8221;][et_pb_column type=&#8221;1_3&#8243; _builder_version=&#8221;4.27.4&#8243; _module_preset=&#8221;default&#8221; global_colors_info=&#8221;{}&#8221;][et_pb_blurb title=&#8221;Fejleszt\u00e9si betekint\u0151k&#8221; use_icon=&#8221;on&#8221; font_icon=&#8221;&#xf509;||fa||900&#8243; icon_color=&#8221;#E5C46E&#8221; _builder_version=&#8221;4.27.4&#8243; _module_preset=&#8221;default&#8221; header_font=&#8221;Cinzel||||||||&#8221; header_text_align=&#8221;center&#8221; header_text_color=&#8221;#E5C46E&#8221; body_font=&#8221;Poppins||||||||&#8221; body_text_align=&#8221;center&#8221; body_text_color=&#8221;#FFFFFF&#8221; body_font_size=&#8221;16px&#8221; global_colors_info=&#8221;{}&#8221;]<\/p>\n<p>Korai hozz\u00e1f\u00e9r\u00e9s koncepci\u00f3k\u00e9pekhez, teaser vide\u00f3khoz \u00e9s fejleszt\u0151i bejegyz\u00e9sekhez.<\/p>\n<p>[\/et_pb_blurb][\/et_pb_column][et_pb_column type=&#8221;1_3&#8243; _builder_version=&#8221;4.27.4&#8243; _module_preset=&#8221;default&#8221; global_colors_info=&#8221;{}&#8221;][et_pb_blurb title=&#8221;K\u00f6z\u00f6ss\u00e9gi visszajelz\u00e9sek \u00e9s \u00f6tletek&#8221; use_icon=&#8221;on&#8221; font_icon=&#8221;&#xf0c0;||fa||900&#8243; icon_color=&#8221;#E5C46E&#8221; _builder_version=&#8221;4.27.4&#8243; _module_preset=&#8221;default&#8221; header_font=&#8221;Cinzel||||||||&#8221; header_text_align=&#8221;center&#8221; header_text_color=&#8221;#E5C46E&#8221; body_font=&#8221;Poppins||||||||&#8221; body_text_align=&#8221;center&#8221; body_text_color=&#8221;#FFFFFF&#8221; body_font_size=&#8221;16px&#8221; global_colors_info=&#8221;{}&#8221;]<\/p>\n<p>Oszd meg gondolataid, v\u00e9lem\u00e9nyed \u00e9s \u00f6tleteid a fejleszt\u0151kkel, \u00e9s seg\u00edts finom\u00edtani a <em data-start=\"554\" data-end=\"571\">The Fallen Gods<\/em> vil\u00e1g\u00e1t.<\/p>\n<p>[\/et_pb_blurb][\/et_pb_column][et_pb_column type=&#8221;1_3&#8243; _builder_version=&#8221;4.27.4&#8243; _module_preset=&#8221;default&#8221; global_colors_info=&#8221;{}&#8221;][et_pb_blurb title=&#8221;Exkluz\u00edv k\u00f6z\u00f6ss\u00e9gi tartalmak&#8221; use_icon=&#8221;on&#8221; font_icon=&#8221;&#xf521;||fa||900&#8243; icon_color=&#8221;#E5C46E&#8221; title_tablet=&#8221;Exkluz\u00edv k\u00f6z\u00f6ss\u00e9gi tartalmak&#8221; title_phone=&#8221;Exkluz\u00edv k\u00f6z\u00f6ss\u00e9gi tartalmak&#8221; title_last_edited=&#8221;on|desktop&#8221; _builder_version=&#8221;4.27.4&#8243; _module_preset=&#8221;default&#8221; header_font=&#8221;Cinzel||||||||&#8221; header_text_align=&#8221;center&#8221; header_text_color=&#8221;#E5C46E&#8221; body_font=&#8221;Poppins||||||||&#8221; body_text_align=&#8221;center&#8221; body_text_color=&#8221;#FFFFFF&#8221; body_font_size=&#8221;16px&#8221; global_colors_info=&#8221;{}&#8221;]<\/p>\n<p data-start=\"585\" data-end=\"723\">A tagok k\u00fcl\u00f6nleges, m\u00e1shol nem el\u00e9rhet\u0151 tartalmakhoz \u00e9s inform\u00e1ci\u00f3khoz f\u00e9rhetnek hozz\u00e1, els\u0151k\u00e9nt.<\/p>\n<p>[\/et_pb_blurb][\/et_pb_column][\/et_pb_row][et_pb_row _builder_version=&#8221;4.27.4&#8243; _module_preset=&#8221;default&#8221; global_colors_info=&#8221;{}&#8221;][et_pb_column type=&#8221;4_4&#8243; _builder_version=&#8221;4.27.4&#8243; _module_preset=&#8221;default&#8221; global_colors_info=&#8221;{}&#8221;][et_pb_button button_url=&#8221;https:\/\/discord.gg\/ftZeTgAEms&#8221; button_text=&#8221;Csatlakozom&#8221; button_alignment=&#8221;center&#8221; _builder_version=&#8221;4.27.4&#8243; custom_button=&#8221;on&#8221; button_text_size=&#8221;14px&#8221; button_text_color=&#8221;#E5C46E&#8221; button_bg_use_color_gradient=&#8221;on&#8221; button_bg_color_gradient_stops=&#8221;#5470a0 0%|#040912 100%&#8221; button_border_width=&#8221;0px&#8221; button_border_color=&#8221;RGBA(255,255,255,0)&#8221; button_border_radius=&#8221;100px&#8221; button_letter_spacing=&#8221;1px&#8221; button_font=&#8221;Rubik|500||on|||||&#8221; button_icon=&#8221;&#x35;||divi||400&#8243; button_icon_color=&#8221;#E5C46E&#8221; background_layout=&#8221;dark&#8221; custom_padding=&#8221;16px|40px|16px|54px|true|false&#8221; box_shadow_style=&#8221;preset1&#8243; box_shadow_spread=&#8221;6px&#8221; box_shadow_color=&#8221;#E5C46E&#8221; locked=&#8221;off&#8221; global_colors_info=&#8221;{}&#8221; button_letter_spacing__hover_enabled=&#8221;on&#8221; button_letter_spacing__hover=&#8221;2px&#8221;][\/et_pb_button][\/et_pb_column][\/et_pb_row][et_pb_row _builder_version=&#8221;4.27.4&#8243; _module_preset=&#8221;default&#8221; global_colors_info=&#8221;{}&#8221;][et_pb_column type=&#8221;4_4&#8243; _builder_version=&#8221;4.27.4&#8243; _module_preset=&#8221;default&#8221; global_colors_info=&#8221;{}&#8221;][et_pb_image src=&#8221;https:\/\/thefallengodsgame.com\/wp-content\/uploads\/2026\/01\/WEBP_800.webp&#8221; title_text=&#8221;WEBP_800&#8243; align=&#8221;center&#8221; _builder_version=&#8221;4.27.5&#8243; _module_preset=&#8221;default&#8221; animation_style=&#8221;slide&#8221; animation_direction=&#8221;top&#8221; hover_enabled=&#8221;0&#8243; global_colors_info=&#8221;{}&#8221; width=&#8221;100%&#8221; max_width=&#8221;50%&#8221; custom_padding=&#8221;60px||60px||true|false&#8221; sticky_enabled=&#8221;0&#8243;][\/et_pb_image][\/et_pb_column][\/et_pb_row][et_pb_row _builder_version=&#8221;4.27.4&#8243; _module_preset=&#8221;default&#8221; width_tablet=&#8221;&#8221; width_phone=&#8221;90%&#8221; width_last_edited=&#8221;on|phone&#8221; global_colors_info=&#8221;{}&#8221;][et_pb_column type=&#8221;4_4&#8243; _builder_version=&#8221;4.27.4&#8243; _module_preset=&#8221;default&#8221; global_colors_info=&#8221;{}&#8221;][et_pb_text _builder_version=&#8221;4.27.4&#8243; text_font=&#8221;Cinzel||||||||&#8221; text_text_color=&#8221;#E5C46E&#8221; text_font_size=&#8221;32px&#8221; text_line_height=&#8221;2em&#8221; header_font=&#8221;Cinzel|||on|||||&#8221; header_text_color=&#8221;#E5C46E&#8221; header_font_size=&#8221;70px&#8221; header_line_height=&#8221;1.2em&#8221; header_2_font=&#8221;Cinzel||||||||&#8221; header_2_text_color=&#8221;#E5C46E&#8221; text_orientation=&#8221;center&#8221; background_layout=&#8221;dark&#8221; custom_padding=&#8221;||0px|||&#8221; header_font_size_tablet=&#8221;50px&#8221; header_font_size_phone=&#8221;40px&#8221; header_font_size_last_edited=&#8221;on|tablet&#8221; locked=&#8221;off&#8221; global_colors_info=&#8221;{}&#8221;]<\/p>\n<p data-start=\"2767\" data-end=\"2830\"><strong data-start=\"2786\" data-end=\"2830\">Maradj kapcsolatban az istenek vil\u00e1g\u00e1val<\/strong><\/p>\n<p>[\/et_pb_text][et_pb_text _builder_version=&#8221;4.27.4&#8243; text_font=&#8221;Poppins||||||||&#8221; text_text_color=&#8221;#FFFFFF&#8221; text_font_size=&#8221;16px&#8221; text_line_height=&#8221;2em&#8221; header_font=&#8221;Rubik|700||on|||||&#8221; header_font_size=&#8221;70px&#8221; header_line_height=&#8221;1.2em&#8221; text_orientation=&#8221;center&#8221; background_layout=&#8221;dark&#8221; custom_padding=&#8221;||6px|||&#8221; header_font_size_tablet=&#8221;50px&#8221; header_font_size_phone=&#8221;40px&#8221; header_font_size_last_edited=&#8221;on|phone&#8221; locked=&#8221;off&#8221; global_colors_info=&#8221;{}&#8221;]<\/p>\n<p data-start=\"1148\" data-end=\"1575\">Iratkozz fel, hogy els\u0151k\u00e9nt \u00e9rtes\u00fclj a <em data-start=\"2885\" data-end=\"2902\">The Fallen Gods<\/em> fejleszt\u00e9si h\u00edreir\u0151l, exkluz\u00edv betekint\u0151kr\u0151l \u00e9s j\u00e1t\u00e9kr\u00e9szletekr\u0151l.<\/p>\n<p>[\/et_pb_text][et_pb_button button_url=&#8221;https:\/\/subscribepage.io\/TheFallenGods&#8221; button_text=&#8221;Feliratkozom&#8221; button_alignment=&#8221;center&#8221; _builder_version=&#8221;4.27.5&#8243; custom_button=&#8221;on&#8221; button_text_size=&#8221;14px&#8221; button_text_color=&#8221;#E5C46E&#8221; button_bg_use_color_gradient=&#8221;on&#8221; button_bg_color_gradient_stops=&#8221;#5470a0 0%|#040912 100%&#8221; button_border_width=&#8221;0px&#8221; button_border_color=&#8221;RGBA(255,255,255,0)&#8221; button_border_radius=&#8221;100px&#8221; button_letter_spacing=&#8221;1px&#8221; button_font=&#8221;Rubik|500||on|||||&#8221; button_icon=&#8221;&#x35;||divi||400&#8243; button_icon_color=&#8221;#E5C46E&#8221; background_layout=&#8221;dark&#8221; custom_padding=&#8221;16px|40px|16px|54px|true|false&#8221; box_shadow_style=&#8221;preset1&#8243; box_shadow_spread=&#8221;6px&#8221; box_shadow_color=&#8221;#E5C46E&#8221; locked=&#8221;off&#8221; global_colors_info=&#8221;{}&#8221; button_letter_spacing__hover_enabled=&#8221;on&#8221; button_letter_spacing__hover=&#8221;2px&#8221;][\/et_pb_button][dsm_icon_list _builder_version=&#8221;4.27.4&#8243; _module_preset=&#8221;default&#8221; global_colors_info=&#8221;{}&#8221;][\/dsm_icon_list][dsm_icon_list _builder_version=&#8221;4.27.4&#8243; _module_preset=&#8221;default&#8221; global_colors_info=&#8221;{}&#8221;][\/dsm_icon_list][\/et_pb_column][\/et_pb_row][\/et_pb_section]<\/p>\n","protected":false},"excerpt":{"rendered":"<p>K\u00f6z\u00f6ss\u00e9gL\u00e9gy r\u00e9szese a The Fallen Gods vil\u00e1g\u00e1nak m\u00e1r most \u2014 miel\u0151tt a legenda \u00e9letre kel. Discord k\u00f6z\u00f6ss\u00e9g\u00fcnk tagjai betekint\u00e9st kapnak a fejleszt\u00e9s kulissz\u00e1i m\u00f6g\u00e9, megoszthatj\u00e1k v\u00e9lem\u00e9ny\u00fcket, \u00e9s r\u00e9szesei lehetnek a vil\u00e1g form\u00e1l\u00e1s\u00e1nak.A s\u00f6t\u00e9ts\u00e9g \u00e9s f\u00e9ny hat\u00e1r\u00e1n minden hang sz\u00e1m\u00edt.Korai hozz\u00e1f\u00e9r\u00e9s koncepci\u00f3k\u00e9pekhez, teaser vide\u00f3khoz \u00e9s fejleszt\u0151i bejegyz\u00e9sekhez.Oszd meg gondolataid, v\u00e9lem\u00e9nyed \u00e9s \u00f6tleteid a fejleszt\u0151kkel, \u00e9s seg\u00edts finom\u00edtani a The Fallen Gods vil\u00e1g\u00e1t.A tagok k\u00fcl\u00f6nleges, m\u00e1shol nem el\u00e9rhet\u0151 tartalmakhoz \u00e9s inform\u00e1ci\u00f3khoz f\u00e9rhetnek hozz\u00e1, els\u0151k\u00e9nt.Maradj kapcsolatban az istenek vil\u00e1g\u00e1valIratkozz fel, hogy els\u0151k\u00e9nt \u00e9rtes\u00fclj a The Fallen Gods fejleszt\u00e9si h\u00edreir\u0151l, exkluz\u00edv betekint\u0151kr\u0151l \u00e9s j\u00e1t\u00e9kr\u00e9szletekr\u0151l.<div class=\"et_pb_module dsm_icon_list dsm_icon_list_0\">\n\t\t\t\t\n\t\t\t\t\n\t\t\t\t\n\t\t\t\t\n\t\t\t\t\n\t\t\t\t\n\t\t\t\t<div class=\"et_pb_module_inner\">\n\t\t\t\t\t<ul class=\"dsm_icon_list_items dsm_icon_list_ltr_direction dsm_icon_list_layout_vertical\"><\/ul>\n\t\t\t\t<\/div>\n\t\t\t<\/div><div class=\"et_pb_module dsm_icon_list dsm_icon_list_1\">\n\t\t\t\t\n\t\t\t\t\n\t\t\t\t\n\t\t\t\t\n\t\t\t\t\n\t\t\t\t\n\t\t\t\t<div class=\"et_pb_module_inner\">\n\t\t\t\t\t<ul class=\"dsm_icon_list_items dsm_icon_list_ltr_direction dsm_icon_list_layout_vertical\"><\/ul>\n\t\t\t\t<\/div>\n\t\t\t<\/div><\/p>","protected":false},"author":1,"featured_media":0,"parent":0,"menu_order":0,"comment_status":"closed","ping_status":"closed","template":"","meta":{"_et_pb_use_builder":"on","_et_pb_old_content":"","_et_gb_content_width":"","pagelayer_contact_templates":[],"_pagelayer_content":"","footnotes":""},"class_list":["post-33","page","type-page","status-publish","hentry"],"_links":{"self":[{"href":"https:\/\/thefallengodsgame.com\/en\/wp-json\/wp\/v2\/pages\/33","targetHints":{"allow":["GET"]}}],"collection":[{"href":"https:\/\/thefallengodsgame.com\/en\/wp-json\/wp\/v2\/pages"}],"about":[{"href":"https:\/\/thefallengodsgame.com\/en\/wp-json\/wp\/v2\/types\/page"}],"author":[{"embeddable":true,"href":"https:\/\/thefallengodsgame.com\/en\/wp-json\/wp\/v2\/users\/1"}],"replies":[{"embeddable":true,"href":"https:\/\/thefallengodsgame.com\/en\/wp-json\/wp\/v2\/comments?post=33"}],"version-history":[{"count":12,"href":"https:\/\/thefallengodsgame.com\/en\/wp-json\/wp\/v2\/pages\/33\/revisions"}],"predecessor-version":[{"id":747,"href":"https:\/\/thefallengodsgame.com\/en\/wp-json\/wp\/v2\/pages\/33\/revisions\/747"}],"wp:attachment":[{"href":"https:\/\/thefallengodsgame.com\/en\/wp-json\/wp\/v2\/media?parent=33"}],"curies":[{"name":"wp","href":"https:\/\/api.w.org\/{rel}","templated":true}]}}