{"id":397,"date":"2025-10-25T18:42:51","date_gmt":"2025-10-25T18:42:51","guid":{"rendered":"https:\/\/thefallengodsgame.com\/?page_id=397"},"modified":"2026-01-16T19:59:20","modified_gmt":"2026-01-16T19:59:20","slug":"ujdonsagok","status":"publish","type":"page","link":"https:\/\/thefallengodsgame.com\/en\/ujdonsagok\/","title":{"rendered":"News"},"content":{"rendered":"<p>[et_pb_section fb_built=&#8221;1&#8243; _builder_version=&#8221;4.27.5&#8243; _module_preset=&#8221;default&#8221; background_image=&#8221;https:\/\/thefallengodsgame.com\/wp-content\/uploads\/2026\/01\/t_bg02.webp&#8221; bottom_divider_style=&#8221;asymmetric2&#8243; hover_enabled=&#8221;0&#8243; global_colors_info=&#8221;{}&#8221; title_text=&#8221;t_bg02&#8243; background_size=&#8221;initial&#8221; background_repeat=&#8221;repeat&#8221; sticky_enabled=&#8221;0&#8243; custom_css_before=&#8221;background-attachment: fixed;&#8221; bottom_divider_color=&#8221;#18202F&#8221;][et_pb_row _builder_version=&#8221;4.27.4&#8243; _module_preset=&#8221;default&#8221; width_tablet=&#8221;&#8221; width_phone=&#8221;90%&#8221; width_last_edited=&#8221;on|phone&#8221; global_colors_info=&#8221;{}&#8221;][et_pb_column type=&#8221;4_4&#8243; _builder_version=&#8221;4.27.4&#8243; _module_preset=&#8221;default&#8221; global_colors_info=&#8221;{}&#8221;][et_pb_text _builder_version=&#8221;4.27.4&#8243; text_font=&#8221;Cinzel||||||||&#8221; text_text_color=&#8221;#E5C46E&#8221; text_font_size=&#8221;32px&#8221; text_line_height=&#8221;2em&#8221; header_font=&#8221;Cinzel|||on|||||&#8221; header_text_color=&#8221;#E5C46E&#8221; header_font_size=&#8221;70px&#8221; header_line_height=&#8221;1.2em&#8221; text_orientation=&#8221;center&#8221; background_layout=&#8221;dark&#8221; header_font_size_tablet=&#8221;50px&#8221; header_font_size_phone=&#8221;40px&#8221; header_font_size_last_edited=&#8221;on|tablet&#8221; locked=&#8221;off&#8221; global_colors_info=&#8221;{}&#8221;]<\/p>\n<h1>\u00dajdons\u00e1gok<\/h1>\n<p>[\/et_pb_text][et_pb_text _builder_version=&#8221;4.27.4&#8243; text_font=&#8221;Poppins||||||||&#8221; text_text_color=&#8221;#E5C46E&#8221; text_font_size=&#8221;16px&#8221; text_line_height=&#8221;2em&#8221; header_font=&#8221;Rubik|700||on|||||&#8221; header_font_size=&#8221;70px&#8221; header_line_height=&#8221;1.2em&#8221; text_orientation=&#8221;center&#8221; background_layout=&#8221;dark&#8221; header_font_size_tablet=&#8221;50px&#8221; header_font_size_phone=&#8221;40px&#8221; header_font_size_last_edited=&#8221;on|phone&#8221; locked=&#8221;off&#8221; global_colors_info=&#8221;{}&#8221;]<\/p>\n<p data-start=\"742\" data-end=\"827\">K\u00f6vess minket a <em data-start=\"752\" data-end=\"769\">The Fallen Gods<\/em> vil\u00e1g\u00e1nak sz\u00fclet\u00e9se sor\u00e1n.<br \/>Minden \u00faj bejegyz\u00e9s egy l\u00e9p\u00e9s az istenek \u00e1rny\u00e9k\u00e1ban \u00e9p\u00fcl\u0151 j\u00f6v\u0151 fel\u00e9.<\/p>\n<p data-start=\"829\" data-end=\"951\">[\/et_pb_text][et_pb_button button_url=&#8221;https:\/\/subscribepage.io\/TheFallenGods&#8221; button_text=&#8221;Feliratkozom&#8221; button_alignment=&#8221;center&#8221; _builder_version=&#8221;4.27.5&#8243; custom_button=&#8221;on&#8221; button_text_size=&#8221;14px&#8221; button_text_color=&#8221;#E5C46E&#8221; button_bg_use_color_gradient=&#8221;on&#8221; button_bg_color_gradient_stops=&#8221;#5470a0 0%|#040912 100%&#8221; button_border_width=&#8221;0px&#8221; button_border_color=&#8221;RGBA(255,255,255,0)&#8221; button_border_radius=&#8221;100px&#8221; button_letter_spacing=&#8221;1px&#8221; button_font=&#8221;Rubik|500||on|||||&#8221; button_icon=&#8221;&#x35;||divi||400&#8243; button_icon_color=&#8221;#E5C46E&#8221; background_layout=&#8221;dark&#8221; custom_padding=&#8221;16px|40px|16px|54px|true|false&#8221; box_shadow_style=&#8221;preset1&#8243; box_shadow_spread=&#8221;6px&#8221; box_shadow_color=&#8221;#E5C46E&#8221; locked=&#8221;off&#8221; global_colors_info=&#8221;{}&#8221; button_letter_spacing__hover=&#8221;2px&#8221; button_letter_spacing__hover_enabled=&#8221;on&#8221;][\/et_pb_button][\/et_pb_column][\/et_pb_row][et_pb_row _builder_version=&#8221;4.27.4&#8243; _module_preset=&#8221;default&#8221; width_tablet=&#8221;&#8221; width_phone=&#8221;90%&#8221; width_last_edited=&#8221;on|phone&#8221; global_colors_info=&#8221;{}&#8221;][et_pb_column type=&#8221;4_4&#8243; _builder_version=&#8221;4.27.4&#8243; _module_preset=&#8221;default&#8221; global_colors_info=&#8221;{}&#8221;][et_pb_post_slider include_categories=&#8221;1&#8243; show_meta=&#8221;off&#8221; bg_overlay_color=&#8221;rgba(32,8,11,0.53)&#8221; _builder_version=&#8221;4.27.5&#8243; _module_preset=&#8221;default&#8221; header_font=&#8221;Cinzel||||||||&#8221; header_text_color=&#8221;#E5C46E&#8221; body_font=&#8221;Poppins||||||||&#8221; custom_button=&#8221;on&#8221; button_text_color=&#8221;#E5C46E&#8221; button_bg_use_color_gradient=&#8221;on&#8221; button_bg_color_gradient_stops=&#8221;#5470a0 0%|#040912 99%&#8221; button_border_color=&#8221;RGBA(255,255,255,0)&#8221; button_border_radius=&#8221;100px&#8221; button_font=&#8221;Rubik||||||||&#8221; hover_enabled=&#8221;0&#8243; border_radii=&#8221;on|10px|10px|10px|10px&#8221; box_shadow_style=&#8221;preset1&#8243; box_shadow_spread=&#8221;4px&#8221; box_shadow_color=&#8221;#E5C46E&#8221; box_shadow_style_button=&#8221;preset1&#8243; box_shadow_spread_button=&#8221;8px&#8221; box_shadow_color_button=&#8221;#E5C46E&#8221; global_colors_info=&#8221;{}&#8221; button_bg_enable_color=&#8221;off&#8221; sticky_enabled=&#8221;0&#8243; button_border_width=&#8221;0px&#8221;][\/et_pb_post_slider][dsm_blog_carousel use_author=&#8221;off&#8221; use_readmore=&#8221;on&#8221; readmore_text=&#8221;B\u0151vebben&#8221; pagi_color=&#8221;#C7A879&#8243; pagi_active_color=&#8221;#E5C46E&#8221; navi_color=&#8221;#FFF275&#8243; post_padding=&#8221;0px|0px|0px|0px|false|false&#8221; post_item_bg_color=&#8221;#E5C46E&#8221; _builder_version=&#8221;4.27.5&#8243; _module_preset=&#8221;default&#8221; title_font=&#8221;Cinzel||||||||&#8221; title_text_color=&#8221;#6F0A12&#8243; body_font=&#8221;Lato||||||||&#8221; body_text_color=&#8221;#20080B&#8221; body_font_size=&#8221;16px&#8221; date_text_color=&#8221;#FFFFFF&#8221; author_text_color=&#8221;#FFFFFF&#8221; category_text_color=&#8221;#FFFFFF&#8221; custom_readmore=&#8221;on&#8221; readmore_text_color=&#8221;#FFFFFF&#8221; readmore_bg_color=&#8221;#040912&#8243; readmore_bg_use_color_gradient=&#8221;on&#8221; readmore_bg_color_gradient_stops=&#8221;#5470a0 0%|#040912 100%&#8221; readmore_border_color=&#8221;RGBA(255,255,255,0)&#8221; readmore_border_radius=&#8221;100px&#8221; readmore_font=&#8221;Rubik||||||||&#8221; custom_margin=&#8221;60px||60px||true|false&#8221; hover_enabled=&#8221;0&#8243; border_radii_post_box=&#8221;on|10px|10px|10px|10px&#8221; box_shadow_style_post_box=&#8221;preset1&#8243; box_shadow_color_post_box=&#8221;#E5C46E&#8221; box_shadow_style_readmore=&#8221;preset1&#8243; box_shadow_color_readmore=&#8221;#040912&#8243; global_colors_info=&#8221;{}&#8221; sticky_enabled=&#8221;0&#8243; readmore_bg_enable_color=&#8221;on&#8221; readmore_border_width=&#8221;0px&#8221;][\/dsm_blog_carousel][\/et_pb_column][\/et_pb_row][\/et_pb_section]<\/p>\n","protected":false},"excerpt":{"rendered":"<p>\u00dajdons\u00e1gokK\u00f6vess minket a The Fallen Gods vil\u00e1g\u00e1nak sz\u00fclet\u00e9se sor\u00e1n.Minden \u00faj bejegyz\u00e9s egy l\u00e9p\u00e9s az istenek \u00e1rny\u00e9k\u00e1ban \u00e9p\u00fcl\u0151 j\u00f6v\u0151 fel\u00e9. <div class=\"et_pb_module dsm_blog_carousel dsm_blog_carousel_0\">\n\t\t\t\t\n\t\t\t\t\n\t\t\t\t\n\t\t\t\t\n\t\t\t\t\n\t\t\t\t\n\t\t\t\t<div class=\"et_pb_module_inner\">\n\t\t\t\t\t<div class=\"dsm-blog-carousel\" data-orientation='horizontal' data-loop='1' data-speed='500' data-columnsdesktop='3' data-columnsphone='1' data-columnstablet='2' data-autoplay='on' data-autoplayspeed='5000' data-ordernumber='0' data-spacing='30' data-spacingtablet='30' data-spacingphone='30' data-effect='default' data-effect-shadows='off' data-effect-coverflow-rotate='30' data-effect-coverflow-depth='100' data-centered='off' data-multi-row='off' data-row='1' data-rowstablet='1' data-rowsphone='1' data-pagi-button-style='bullets' data-pause-on-hover='off' data-touch-move='off' data-grab='on' data-mousewheel='off' data-autoplay-viewport='80%'>\n\t\t\t\t<div class=\"swiper-container dsm_blog_carousel_wrapper\" dir=\"ltr\">\n\t\t\t\t\t<div class=\"dsm-blog-carousel-wrapper swiper-wrapper\">\n\t\t\t\t\t\t\n\t\t\t\t<article class=\"dsm-blog-carousel-item swiper-slide\">\n\t\t\t\t\t<div class=\"dsm-grid-post-holder-inner\">\n\t\t\t\t\t\t\t\t\t\t\t\t\t<div class=\"dsm-entry-image\">\n\t\t\t\t\t\t\t\t\t\t\t\t\t\t\t\t<div class=\"dsm-entry-thumbnail\">\n\t\t\t\t\t\t\t\t\t\t\t\t\t\t\t\t\t\t\t<a href=\"https:\/\/thefallengodsgame.com\/en\/korai-betekinto-a-ferfi-karakter-belso-nezete\/\">\n\t\t\t\t\t\t\t\t\t\t\t\t\t\t\t\t\t\t<img width=\"621\" height=\"349\" src=\"https:\/\/thefallengodsgame.com\/wp-content\/uploads\/2025\/10\/Kepernyokep-2025-10-25-213728.png\" class=\"skip-lazy wp-post-image\" alt=\"\" decoding=\"async\" loading=\"lazy\" srcset=\"https:\/\/thefallengodsgame.com\/wp-content\/uploads\/2025\/10\/Kepernyokep-2025-10-25-213728.png 621w, https:\/\/thefallengodsgame.com\/wp-content\/uploads\/2025\/10\/Kepernyokep-2025-10-25-213728-480x270.png 480w\" sizes=\"(min-width: 0px) and (max-width: 480px) 480px, (min-width: 481px) 621px, 100vw\" \/>\t\t\t\t\t\t\t\t\t\t\t\t\t\t\t\t\t\t<\/a>\n\t\t\t\t\t\t\t\t\t\t\t\t\t\t\t\t\t<\/div>\n\t\t\t\t\t\t\t<\/div>\n\t\t\t\t\t\t\n\t\t\t\t\t\t<div class=\"dsm-entry-wrapper\">\n\t\t\t\t\t\t\t\t\t\t\t\t\t\t<header class=\"dsm-entry-header\">\n\t\t\t\t\t\t\t\t\t<h2 class=\"dsm-entry-title\">\n\t\t\t\t\t\t\t\t\t\t\t\t\t\t\t\t\t\t\t\t\t<a href=\"https:\/\/thefallengodsgame.com\/en\/korai-betekinto-a-ferfi-karakter-belso-nezete\/\">Early Preview: Male Character First-Person View<\/a>\n\t\t\t\t\t\t\t\t\t\t\t\t\t\t\t\t\t\t\t<\/h2>\n\t\t\t\t\t\t\t\t<\/header>\n\t\t\t\t\t\t\n\t\t\t\t\t\t\t\t\t\t\t\t\t<div class=\"dsm-entry-meta\">\n\t\t\t\t\t\t\t\t\t\t\t\t\t\t\t\t\t\t\t\t\t\t\t\t\t<span class=\"dsm-meta-seperator\">|<\/span>\n\t\t\t\t\t\t\t\t\t<span class=\"dsm-posted-on\"><time datetime=\"Oct 25, 2025\">Oct 25, 2025<\/time><\/span>\n\t\t\t\t\t\t\t\t\t\t\t\t\t\t\t\t\t\t\t\t\t\t\t<\/div>\n\t\t\t\t\t\t\t\n\t\t\t\t\t\t\t\t\n\t\t\t\t\t\t\t<div class=\"dsm-entry-content\">\n\t\t\t\t\t\t\t\t<div class=\"dsm-post-excerpt\">\n\t\t\t\t\t\t\t\t\t<p>Below is an early development preview showing how a male character looks in first-person view without any equipment.<\/p>\n\t\t\t\t\t\t\t\t<\/div>\n\t\t\t\t\t\t\t<\/div>\n\t\t\t\t\t\t\t\n\t\t\t\t\t\t\t\t\t\t\t\t\t\t\t\t\t<div class=\"dsm-readmore-wrap et_pb_bg_layout_light\">\n\t\t\t\t\t\t\t\t\t\t\t\t\t\t\t\t\t\t\t\t\t<a href=\"https:\/\/thefallengodsgame.com\/en\/korai-betekinto-a-ferfi-karakter-belso-nezete\/\"  class=\"dsm-readmore-btn et_pb_button et_pb_custom_button_icon\" data-icon=\"5\" target=\"\">More<\/a>\n\t\t\t\t\t\t\t\t\t\t\t\t\t\t\t\t\t\t\t<\/div>\n\t\t\t\t\t\t\t\t\t\t\t\t\t\t\t\t\t\t\t\t\t<\/div>\n\t\t\t\t\t<\/div>\n\t\t\t\t<\/article>\n\n\t\t\t\t\n\t\t\t\t\t<\/div>\n\t\t\t\t<\/div>\n\t\t\t\t<div class=\"swiper-button-next swiper-arrow-button dsm-arrow-button-next0\" data-icon=\"5\"><\/div>\n\t\t\t\t<div class=\"swiper-button-prev swiper-arrow-button dsm-arrow-button-prev0\" data-icon=\"4\"><\/div>\n\t\t\t\t<div class=\"swiper-container-horizontal\">\n\t\t\t\t\t<div class=\"swiper-pagination dsm-pagination0\"><\/div>\n\t\t\t\t<\/div>\n\t\t\t<\/div>\n\t\t\t\t<\/div>\n\t\t\t<\/div><\/p>","protected":false},"author":1,"featured_media":0,"parent":0,"menu_order":0,"comment_status":"closed","ping_status":"closed","template":"","meta":{"_et_pb_use_builder":"on","_et_pb_old_content":"","_et_gb_content_width":"","pagelayer_contact_templates":[],"_pagelayer_content":"","footnotes":""},"class_list":["post-397","page","type-page","status-publish","hentry"],"_links":{"self":[{"href":"https:\/\/thefallengodsgame.com\/en\/wp-json\/wp\/v2\/pages\/397","targetHints":{"allow":["GET"]}}],"collection":[{"href":"https:\/\/thefallengodsgame.com\/en\/wp-json\/wp\/v2\/pages"}],"about":[{"href":"https:\/\/thefallengodsgame.com\/en\/wp-json\/wp\/v2\/types\/page"}],"author":[{"embeddable":true,"href":"https:\/\/thefallengodsgame.com\/en\/wp-json\/wp\/v2\/users\/1"}],"replies":[{"embeddable":true,"href":"https:\/\/thefallengodsgame.com\/en\/wp-json\/wp\/v2\/comments?post=397"}],"version-history":[{"count":17,"href":"https:\/\/thefallengodsgame.com\/en\/wp-json\/wp\/v2\/pages\/397\/revisions"}],"predecessor-version":[{"id":692,"href":"https:\/\/thefallengodsgame.com\/en\/wp-json\/wp\/v2\/pages\/397\/revisions\/692"}],"wp:attachment":[{"href":"https:\/\/thefallengodsgame.com\/en\/wp-json\/wp\/v2\/media?parent=397"}],"curies":[{"name":"wp","href":"https:\/\/api.w.org\/{rel}","templated":true}]}}