{"id":543,"date":"2025-10-30T19:14:40","date_gmt":"2025-10-30T19:14:40","guid":{"rendered":"https:\/\/thefallengodsgame.com\/?page_id=543"},"modified":"2025-10-30T20:27:08","modified_gmt":"2025-10-30T20:27:08","slug":"adatvedelmi-nyilatkozat","status":"publish","type":"page","link":"https:\/\/thefallengodsgame.com\/en\/adatvedelmi-nyilatkozat\/","title":{"rendered":"Privacy Policy"},"content":{"rendered":"<p>[et_pb_section fb_built=&#8221;1&#8243; _builder_version=&#8221;4.27.4&#8243; _module_preset=&#8221;default&#8221; background_image=&#8221;https:\/\/thefallengodsgame.com\/wp-content\/uploads\/2025\/10\/hatter_discord_1920x1920-300&#215;300.png&#8221; parallax=&#8221;on&#8221; parallax_method=&#8221;off&#8221; global_colors_info=&#8221;{}&#8221;][et_pb_row _builder_version=&#8221;4.27.4&#8243; _module_preset=&#8221;default&#8221; hover_enabled=&#8221;0&#8243; global_colors_info=&#8221;{}&#8221; sticky_enabled=&#8221;0&#8243;][et_pb_column type=&#8221;4_4&#8243; _builder_version=&#8221;4.27.4&#8243; _module_preset=&#8221;default&#8221; global_colors_info=&#8221;{}&#8221;][et_pb_text _builder_version=&#8221;4.27.4&#8243; _module_preset=&#8221;default&#8221; text_font=&#8221;Cinzel||||||||&#8221; text_text_color=&#8221;#E5C46E&#8221; text_font_size=&#8221;36px&#8221; text_line_height=&#8221;1.2em&#8221; global_colors_info=&#8221;{}&#8221;]<\/p>\n<p>Adatv\u00e9delmi nyilatkozat<\/p>\n<p>[\/et_pb_text][\/et_pb_column][\/et_pb_row][et_pb_row _builder_version=&#8221;4.27.4&#8243; _module_preset=&#8221;default&#8221; hover_enabled=&#8221;0&#8243; global_colors_info=&#8221;{}&#8221; width=&#8221;90%&#8221; sticky_enabled=&#8221;0&#8243;][et_pb_column type=&#8221;4_4&#8243; _builder_version=&#8221;4.27.4&#8243; _module_preset=&#8221;default&#8221; global_colors_info=&#8221;{}&#8221;][et_pb_text _builder_version=&#8221;4.27.4&#8243; _module_preset=&#8221;default&#8221; text_font=&#8221;Poppins||||||||&#8221; text_text_color=&#8221;#C7A879&#8243; link_text_color=&#8221;#6F0A12&#8243; header_3_font=&#8221;Cinzel||||||||&#8221; header_3_text_color=&#8221;#E5C46E&#8221; global_colors_info=&#8221;{}&#8221;]<\/p>\n<h3 data-start=\"300\" data-end=\"331\"><strong data-start=\"304\" data-end=\"331\">1. Az adatkezel\u0151 adatai<\/strong><\/h3>\n<p data-start=\"332\" data-end=\"442\"><strong data-start=\"332\" data-end=\"340\">N\u00e9v:<\/strong> Kov\u00e1cs Henrik<br data-start=\"354\" data-end=\"357\" \/><strong data-start=\"357\" data-end=\"365\">C\u00edm:<\/strong> 6821 Sz\u00e9kkutas, IV. ker 169.<br data-start=\"394\" data-end=\"397\" \/><strong data-start=\"397\" data-end=\"408\">E-mail:<\/strong> <a data-start=\"409\" data-end=\"440\" href=\"mailto:community@thefallengodsgame.com\">community@thefallengodsgame.com<span aria-hidden=\"true\" class=\"ms-0.5 inline-block align-middle leading-none\"><svg width=\"20\" height=\"20\" viewbox=\"0 0 20 20\" fill=\"currentColor\" xmlns=\"http:\/\/www.w3.org\/2000\/svg\" data-rtl-flip=\"\" class=\"block h-[0.75em] w-[0.75em] stroke-current stroke-[0.75]\"><path d=\"M14.3349 13.3301V6.60645L5.47065 15.4707C5.21095 15.7304 4.78895 15.7304 4.52925 15.4707C4.26955 15.211 4.26955 14.789 4.52925 14.5293L13.3935 5.66504H6.66011C6.29284 5.66504 5.99507 5.36727 5.99507 5C5.99507 4.63273 6.29284 4.33496 6.66011 4.33496H14.9999L15.1337 4.34863C15.4369 4.41057 15.665 4.67857 15.665 5V13.3301C15.6649 13.6973 15.3672 13.9951 14.9999 13.9951C14.6327 13.9951 14.335 13.6973 14.3349 13.3301Z\"><\/path><\/svg><\/span><\/a><\/p>\n<p data-start=\"444\" data-end=\"634\">Az adatkezel\u0151 felel\u0151s a weboldalon gy\u0171jt\u00f6tt szem\u00e9lyes adatok biztons\u00e1gos kezel\u00e9s\u00e9\u00e9rt, \u00e9s v\u00e1llalja, hogy azokat az Eur\u00f3pai Parlament \u00e9s a Tan\u00e1cs (EU) 2016\/679 rendelete (GDPR) szerint kezeli.<\/p>\n<hr data-start=\"636\" data-end=\"639\" \/>\n<h3 data-start=\"641\" data-end=\"672\"><strong data-start=\"645\" data-end=\"672\">2. Az adatkezel\u00e9s c\u00e9lja<\/strong><\/h3>\n<p data-start=\"673\" data-end=\"751\">A weboldalon gy\u0171jt\u00f6tt szem\u00e9lyes adatok kezel\u00e9se az al\u00e1bbi c\u00e9lokb\u00f3l t\u00f6rt\u00e9nik:<\/p>\n<ul data-start=\"752\" data-end=\"1012\">\n<li data-start=\"752\" data-end=\"805\">\n<p data-start=\"754\" data-end=\"805\">kapcsolatfelv\u00e9tel \u00e9s kommunik\u00e1ci\u00f3 a l\u00e1togat\u00f3kkal,<\/p>\n<\/li>\n<li data-start=\"806\" data-end=\"917\">\n<p data-start=\"808\" data-end=\"917\">h\u00edrlev\u00e9l-feliratkoz\u00e1sok \u00e9s k\u00f6z\u00f6ss\u00e9gi \u00e9rtes\u00edt\u00e9sek kezel\u00e9se (pl. fejleszt\u00e9si h\u00edrek, esem\u00e9nyek, \u00faj tartalmak),<\/p>\n<\/li>\n<li data-start=\"918\" data-end=\"1012\">\n<p data-start=\"920\" data-end=\"1012\">a weboldal m\u0171k\u00f6d\u00e9s\u00e9nek biztos\u00edt\u00e1sa \u00e9s l\u00e1togatotts\u00e1gi statisztik\u00e1k elemz\u00e9se (anonim m\u00f3don).<\/p>\n<\/li>\n<\/ul>\n<hr data-start=\"1014\" data-end=\"1017\" \/>\n<h3 data-start=\"1019\" data-end=\"1048\"><strong data-start=\"1023\" data-end=\"1048\">3. Kezelt adatok k\u00f6re<\/strong><\/h3>\n<p data-start=\"1049\" data-end=\"1166\">A weboldal csak azokat az adatokat kezeli, amelyeket a l\u00e1togat\u00f3 \u00f6nk\u00e9ntesen megad.<br data-start=\"1130\" data-end=\"1133\" \/>MailerLite feliratkoz\u00e1s eset\u00e9n:<\/p>\n<ul data-start=\"1167\" data-end=\"1282\">\n<li data-start=\"1167\" data-end=\"1188\">\n<p data-start=\"1169\" data-end=\"1188\">n\u00e9v (opcion\u00e1lis),<\/p>\n<\/li>\n<li data-start=\"1189\" data-end=\"1204\">\n<p data-start=\"1191\" data-end=\"1204\">e-mail c\u00edm,<\/p>\n<\/li>\n<li data-start=\"1205\" data-end=\"1282\">\n<p data-start=\"1207\" data-end=\"1282\">IP-c\u00edm \u00e9s id\u0151b\u00e9lyeg (a hozz\u00e1j\u00e1rul\u00e1s igazol\u00e1s\u00e1hoz automatikusan r\u00f6gz\u00edtve).<\/p>\n<\/li>\n<\/ul>\n<p data-start=\"1284\" data-end=\"1370\">A weboldal s\u00fctiket (cookie-kat) is haszn\u00e1l, de ezek nem tartalmaznak szem\u00e9lyes adatot.<\/p>\n<hr data-start=\"1372\" data-end=\"1375\" \/>\n<h3 data-start=\"1377\" data-end=\"1412\"><strong data-start=\"1381\" data-end=\"1412\">4. Az adatkezel\u00e9s jogalapja<\/strong><\/h3>\n<p data-start=\"1413\" data-end=\"1647\">Az adatkezel\u00e9s az \u00e9rintett <strong data-start=\"1440\" data-end=\"1467\">\u00f6nk\u00e9ntes hozz\u00e1j\u00e1rul\u00e1s\u00e1n<\/strong> alapul (GDPR 6. cikk (1) a)).<br data-start=\"1497\" data-end=\"1500\" \/>A hozz\u00e1j\u00e1rul\u00e1s b\u00e1rmikor, indokl\u00e1s n\u00e9lk\u00fcl visszavonhat\u00f3 az e-mailek alj\u00e1n tal\u00e1lhat\u00f3 <em data-start=\"1583\" data-end=\"1596\">Leiratkoz\u00e1s<\/em> linkre kattintva, vagy e-mailben az adatkezel\u0151n\u00e9l.<\/p>\n<hr data-start=\"1649\" data-end=\"1652\" \/>\n<h3 data-start=\"1654\" data-end=\"1680\"><strong data-start=\"1658\" data-end=\"1680\">5. Adatfeldolgoz\u00f3k<\/strong><\/h3>\n<p data-start=\"1681\" data-end=\"1786\">Az adatkezel\u0151 kiz\u00e1r\u00f3lag a <strong data-start=\"1707\" data-end=\"1721\">MailerLite<\/strong> h\u00edrlev\u00e9l-k\u00fcld\u0151 szolg\u00e1ltat\u00f3t veszi ig\u00e9nybe, mint adatfeldolgoz\u00f3t.<\/p>\n<p data-start=\"1788\" data-end=\"2063\"><strong data-start=\"1788\" data-end=\"1810\">MailerLite Limited<\/strong><br data-start=\"1810\" data-end=\"1813\" \/>C\u00edm: 71 Lower Baggot Street, Dublin, D02 P593, \u00cdrorsz\u00e1g<br data-start=\"1868\" data-end=\"1871\" \/>Weboldal: <a data-start=\"1881\" data-end=\"1937\" href=\"https:\/\/www.mailerlite.com\">https:\/\/www.mailerlite.com<span aria-hidden=\"true\" class=\"ms-0.5 inline-block align-middle leading-none\"><svg width=\"20\" height=\"20\" viewbox=\"0 0 20 20\" fill=\"currentColor\" xmlns=\"http:\/\/www.w3.org\/2000\/svg\" data-rtl-flip=\"\" class=\"block h-[0.75em] w-[0.75em] stroke-current stroke-[0.75]\"><path d=\"M14.3349 13.3301V6.60645L5.47065 15.4707C5.21095 15.7304 4.78895 15.7304 4.52925 15.4707C4.26955 15.211 4.26955 14.789 4.52925 14.5293L13.3935 5.66504H6.66011C6.29284 5.66504 5.99507 5.36727 5.99507 5C5.99507 4.63273 6.29284 4.33496 6.66011 4.33496H14.9999L15.1337 4.34863C15.4369 4.41057 15.665 4.67857 15.665 5V13.3301C15.6649 13.6973 15.3672 13.9951 14.9999 13.9951C14.6327 13.9951 14.335 13.6973 14.3349 13.3301Z\"><\/path><\/svg><\/span><\/a><br data-start=\"1937\" data-end=\"1940\" \/>Adatv\u00e9delmi t\u00e1j\u00e9koztat\u00f3: <a data-start=\"1965\" data-end=\"2063\" href=\"https:\/\/www.mailerlite.com\/legal\/privacy-policy\">https:\/\/www.mailerlite.com\/legal\/privacy-policy<span aria-hidden=\"true\" class=\"ms-0.5 inline-block align-middle leading-none\"><svg width=\"20\" height=\"20\" viewbox=\"0 0 20 20\" fill=\"currentColor\" xmlns=\"http:\/\/www.w3.org\/2000\/svg\" data-rtl-flip=\"\" class=\"block h-[0.75em] w-[0.75em] stroke-current stroke-[0.75]\"><path d=\"M14.3349 13.3301V6.60645L5.47065 15.4707C5.21095 15.7304 4.78895 15.7304 4.52925 15.4707C4.26955 15.211 4.26955 14.789 4.52925 14.5293L13.3935 5.66504H6.66011C6.29284 5.66504 5.99507 5.36727 5.99507 5C5.99507 4.63273 6.29284 4.33496 6.66011 4.33496H14.9999L15.1337 4.34863C15.4369 4.41057 15.665 4.67857 15.665 5V13.3301C15.6649 13.6973 15.3672 13.9951 14.9999 13.9951C14.6327 13.9951 14.335 13.6973 14.3349 13.3301Z\"><\/path><\/svg><\/span><\/a><\/p>\n<p data-start=\"2065\" data-end=\"2163\">A MailerLite a GDPR-nak megfelel\u0151en kezeli az adatokat, \u00e9s azokat harmadik f\u00e9lnek nem adja tov\u00e1bb.<\/p>\n<hr data-start=\"2165\" data-end=\"2168\" \/>\n<h3 data-start=\"2170\" data-end=\"2197\"><strong data-start=\"2174\" data-end=\"2197\">6. S\u00fctik (cookie-k)<\/strong><\/h3>\n<p data-start=\"2198\" data-end=\"2387\">A weboldal s\u00fctiket haszn\u00e1l a m\u0171k\u00f6d\u00e9shez \u00e9s a felhaszn\u00e1l\u00f3i \u00e9lm\u00e9ny jav\u00edt\u00e1s\u00e1hoz.<br data-start=\"2275\" data-end=\"2278\" \/>Ezek a s\u00fctik nem gy\u0171jtenek szem\u00e9lyes adatokat, \u00e9s kiz\u00e1r\u00f3lag technikai vagy statisztikai c\u00e9lokat szolg\u00e1lnak.<\/p>\n<p data-start=\"2389\" data-end=\"2540\">A l\u00e1togat\u00f3 b\u00e1rmikor letilthatja vagy t\u00f6r\u00f6lheti a s\u00fctiket a saj\u00e1t b\u00f6ng\u00e9sz\u0151j\u00e9ben.<br data-start=\"2468\" data-end=\"2471\" \/>A weboldal <strong data-start=\"2482\" data-end=\"2489\">nem<\/strong> haszn\u00e1l marketing- vagy c\u00e9lzott hirdet\u00e9si s\u00fctiket.<\/p>\n<hr data-start=\"2542\" data-end=\"2545\" \/>\n<h3 data-start=\"2547\" data-end=\"2590\"><strong data-start=\"2551\" data-end=\"2590\">7. Az adatok t\u00e1rol\u00e1s\u00e1nak id\u0151tartama<\/strong><\/h3>\n<p data-start=\"2591\" data-end=\"2640\">A szem\u00e9lyes adatokat csak addig t\u00e1roljuk, am\u00edg:<\/p>\n<ul data-start=\"2641\" data-end=\"2728\">\n<li data-start=\"2641\" data-end=\"2695\">\n<p data-start=\"2643\" data-end=\"2695\">a felhaszn\u00e1l\u00f3 le nem iratkozik a h\u00edrlev\u00e9lr\u0151l, vagy<\/p>\n<\/li>\n<li data-start=\"2696\" data-end=\"2728\">\n<p data-start=\"2698\" data-end=\"2728\">nem k\u00e9ri az adatai t\u00f6rl\u00e9s\u00e9t.<\/p>\n<\/li>\n<\/ul>\n<p data-start=\"2730\" data-end=\"2809\">A leiratkoz\u00e1s ut\u00e1n az adatok automatikusan t\u00f6rl\u0151dnek a MailerLite rendszer\u00e9b\u0151l.<\/p>\n<hr data-start=\"2811\" data-end=\"2814\" \/>\n<h3 data-start=\"2816\" data-end=\"2846\"><strong data-start=\"2820\" data-end=\"2846\">8. Az \u00e9rintettek jogai<\/strong><\/h3>\n<p data-start=\"2847\" data-end=\"2886\">A l\u00e1togat\u00f3t a GDPR alapj\u00e1n megilleti:<\/p>\n<ul data-start=\"2887\" data-end=\"3161\">\n<li data-start=\"2887\" data-end=\"2922\">\n<p data-start=\"2889\" data-end=\"2922\"><strong data-start=\"2889\" data-end=\"2919\">a t\u00e1j\u00e9koztat\u00e1shoz val\u00f3 jog<\/strong>,<\/p>\n<\/li>\n<li data-start=\"2923\" data-end=\"2957\">\n<p data-start=\"2925\" data-end=\"2957\"><strong data-start=\"2925\" data-end=\"2954\">a helyesb\u00edt\u00e9shez val\u00f3 jog<\/strong>,<\/p>\n<\/li>\n<li data-start=\"2958\" data-end=\"3012\">\n<p data-start=\"2960\" data-end=\"3012\"><strong data-start=\"2960\" data-end=\"3009\">a t\u00f6rl\u00e9shez val\u00f3 jog (\u201eaz elfeledtet\u00e9s joga\u201d)<\/strong>,<\/p>\n<\/li>\n<li data-start=\"3013\" data-end=\"3057\">\n<p data-start=\"3015\" data-end=\"3057\"><strong data-start=\"3015\" data-end=\"3054\">a hozz\u00e1j\u00e1rul\u00e1s visszavon\u00e1s\u00e1nak joga<\/strong>,<\/p>\n<\/li>\n<li data-start=\"3058\" data-end=\"3119\">\n<p data-start=\"3060\" data-end=\"3119\"><strong data-start=\"3060\" data-end=\"3116\">az adatkezel\u00e9s korl\u00e1toz\u00e1s\u00e1nak \u00e9s tiltakoz\u00e1s\u00e1nak joga<\/strong>,<\/p>\n<\/li>\n<li data-start=\"3120\" data-end=\"3161\">\n<p data-start=\"3122\" data-end=\"3161\"><strong data-start=\"3122\" data-end=\"3158\">az adathordozhat\u00f3s\u00e1ghoz val\u00f3 jog<\/strong>.<\/p>\n<\/li>\n<\/ul>\n<p data-start=\"3163\" data-end=\"3259\">K\u00e9relmeket az adatkezel\u0151h\u00f6z e-mailben lehet beny\u00fajtani:<br data-start=\"3218\" data-end=\"3221\" \/>\ud83d\udce7 <strong data-start=\"3224\" data-end=\"3259\"><a data-start=\"3226\" data-end=\"3257\" href=\"mailto:community@thefallengodsgame.com\">community@thefallengodsgame.com<span aria-hidden=\"true\" class=\"ms-0.5 inline-block align-middle leading-none\"><svg width=\"20\" height=\"20\" viewbox=\"0 0 20 20\" fill=\"currentColor\" xmlns=\"http:\/\/www.w3.org\/2000\/svg\" data-rtl-flip=\"\" class=\"block h-[0.75em] w-[0.75em] stroke-current stroke-[0.75]\"><path d=\"M14.3349 13.3301V6.60645L5.47065 15.4707C5.21095 15.7304 4.78895 15.7304 4.52925 15.4707C4.26955 15.211 4.26955 14.789 4.52925 14.5293L13.3935 5.66504H6.66011C6.29284 5.66504 5.99507 5.36727 5.99507 5C5.99507 4.63273 6.29284 4.33496 6.66011 4.33496H14.9999L15.1337 4.34863C15.4369 4.41057 15.665 4.67857 15.665 5V13.3301C15.6649 13.6973 15.3672 13.9951 14.9999 13.9951C14.6327 13.9951 14.335 13.6973 14.3349 13.3301Z\"><\/path><\/svg><\/span><\/a><\/strong><\/p>\n<hr data-start=\"3261\" data-end=\"3264\" \/>\n<h3 data-start=\"3266\" data-end=\"3301\"><strong data-start=\"3270\" data-end=\"3301\">9. Jogorvoslati lehet\u0151s\u00e9gek<\/strong><\/h3>\n<p data-start=\"3302\" data-end=\"3406\">Amennyiben az \u00e9rintett \u00fagy v\u00e9li, hogy szem\u00e9lyes adatai kezel\u00e9se s\u00e9rti a jogszab\u00e1lyokat, panaszt tehet:<\/p>\n<p data-start=\"3408\" data-end=\"3594\"><strong data-start=\"3408\" data-end=\"3469\">Nemzeti Adatv\u00e9delmi \u00e9s Inform\u00e1ci\u00f3szabads\u00e1g Hat\u00f3s\u00e1g (NAIH)<\/strong><br data-start=\"3469\" data-end=\"3472\" \/>C\u00edm: 1055 Budapest, Falk Miksa utca 9-11.<br data-start=\"3513\" data-end=\"3516\" \/>Weboldal: <a data-start=\"3526\" data-end=\"3560\" href=\"https:\/\/naih.hu\">https:\/\/naih.hu<span aria-hidden=\"true\" class=\"ms-0.5 inline-block align-middle leading-none\"><svg width=\"20\" height=\"20\" viewbox=\"0 0 20 20\" fill=\"currentColor\" xmlns=\"http:\/\/www.w3.org\/2000\/svg\" data-rtl-flip=\"\" class=\"block h-[0.75em] w-[0.75em] stroke-current stroke-[0.75]\"><path d=\"M14.3349 13.3301V6.60645L5.47065 15.4707C5.21095 15.7304 4.78895 15.7304 4.52925 15.4707C4.26955 15.211 4.26955 14.789 4.52925 14.5293L13.3935 5.66504H6.66011C6.29284 5.66504 5.99507 5.36727 5.99507 5C5.99507 4.63273 6.29284 4.33496 6.66011 4.33496H14.9999L15.1337 4.34863C15.4369 4.41057 15.665 4.67857 15.665 5V13.3301C15.6649 13.6973 15.3672 13.9951 14.9999 13.9951C14.6327 13.9951 14.335 13.6973 14.3349 13.3301Z\"><\/path><\/svg><\/span><\/a><br data-start=\"3560\" data-end=\"3563\" \/>E-mail: <a data-start=\"3571\" data-end=\"3594\" href=\"mailto:ugyfelszolgalat@naih.hu\">ugyfelszolgalat@naih.hu<span aria-hidden=\"true\" class=\"ms-0.5 inline-block align-middle leading-none\"><svg width=\"20\" height=\"20\" viewbox=\"0 0 20 20\" fill=\"currentColor\" xmlns=\"http:\/\/www.w3.org\/2000\/svg\" data-rtl-flip=\"\" class=\"block h-[0.75em] w-[0.75em] stroke-current stroke-[0.75]\"><path d=\"M14.3349 13.3301V6.60645L5.47065 15.4707C5.21095 15.7304 4.78895 15.7304 4.52925 15.4707C4.26955 15.211 4.26955 14.789 4.52925 14.5293L13.3935 5.66504H6.66011C6.29284 5.66504 5.99507 5.36727 5.99507 5C5.99507 4.63273 6.29284 4.33496 6.66011 4.33496H14.9999L15.1337 4.34863C15.4369 4.41057 15.665 4.67857 15.665 5V13.3301C15.6649 13.6973 15.3672 13.9951 14.9999 13.9951C14.6327 13.9951 14.335 13.6973 14.3349 13.3301Z\"><\/path><\/svg><\/span><\/a><\/p>\n<hr data-start=\"3596\" data-end=\"3599\" \/>\n<h3 data-start=\"3601\" data-end=\"3626\"><strong data-start=\"3605\" data-end=\"3626\">10. Adatbiztons\u00e1g<\/strong><\/h3>\n<p data-start=\"3627\" data-end=\"3839\">Az adatkezel\u0151 minden sz\u00fcks\u00e9ges technikai \u00e9s szervez\u00e9si int\u00e9zked\u00e9st megtesz annak \u00e9rdek\u00e9ben, hogy a szem\u00e9lyes adatok v\u00e9dettek maradjanak a jogosulatlan hozz\u00e1f\u00e9r\u00e9s, megv\u00e1ltoztat\u00e1s vagy nyilv\u00e1noss\u00e1gra ker\u00fcl\u00e9s ellen.<\/p>\n<hr data-start=\"3841\" data-end=\"3844\" \/>\n<h3 data-start=\"3846\" data-end=\"3896\"><strong data-start=\"3850\" data-end=\"3896\">11. Az adatkezel\u00e9si nyilatkozat m\u00f3dos\u00edt\u00e1sa<\/strong><\/h3>\n<p data-start=\"3897\" data-end=\"4053\">Az adatkezel\u0151 fenntartja a jogot a jelen nyilatkozat m\u00f3dos\u00edt\u00e1s\u00e1ra.<br data-start=\"3963\" data-end=\"3966\" \/>A v\u00e1ltoz\u00e1sokat a weboldalon k\u00f6zz\u00e9teszi, a m\u00f3dos\u00edt\u00e1s hat\u00e1lybal\u00e9p\u00e9s\u00e9nek d\u00e1tum\u00e1val egy\u00fctt.<\/p>\n<hr data-start=\"4055\" data-end=\"4058\" \/>\n<p data-start=\"4060\" data-end=\"4136\"><strong data-start=\"4060\" data-end=\"4081\">Utols\u00f3 friss\u00edt\u00e9s:<\/strong> 2025. okt\u00f3ber 30.<br data-start=\"4099\" data-end=\"4102\" \/><strong data-start=\"4102\" data-end=\"4120\">Az adatkezel\u0151:<\/strong> Kov\u00e1cs Henrik<\/p>\n<p>[\/et_pb_text][\/et_pb_column][\/et_pb_row][\/et_pb_section]<\/p>\n","protected":false},"excerpt":{"rendered":"<p>Adatv\u00e9delmi nyilatkozat1. Az adatkezel\u0151 adatai N\u00e9v: Kov\u00e1cs HenrikC\u00edm: 6821 Sz\u00e9kkutas, IV. ker 169.E-mail: community@thefallengodsgame.com Az adatkezel\u0151 felel\u0151s a weboldalon gy\u0171jt\u00f6tt szem\u00e9lyes adatok biztons\u00e1gos kezel\u00e9s\u00e9\u00e9rt, \u00e9s v\u00e1llalja, hogy azokat az Eur\u00f3pai Parlament \u00e9s a Tan\u00e1cs (EU) 2016\/679 rendelete (GDPR) szerint kezeli. 2. Az adatkezel\u00e9s c\u00e9lja A weboldalon gy\u0171jt\u00f6tt szem\u00e9lyes adatok kezel\u00e9se az al\u00e1bbi c\u00e9lokb\u00f3l t\u00f6rt\u00e9nik: kapcsolatfelv\u00e9tel \u00e9s kommunik\u00e1ci\u00f3 a l\u00e1togat\u00f3kkal, h\u00edrlev\u00e9l-feliratkoz\u00e1sok \u00e9s k\u00f6z\u00f6ss\u00e9gi \u00e9rtes\u00edt\u00e9sek kezel\u00e9se (pl. fejleszt\u00e9si h\u00edrek, esem\u00e9nyek, \u00faj tartalmak), a weboldal m\u0171k\u00f6d\u00e9s\u00e9nek biztos\u00edt\u00e1sa \u00e9s l\u00e1togatotts\u00e1gi statisztik\u00e1k elemz\u00e9se (anonim m\u00f3don). 3. Kezelt adatok k\u00f6re A weboldal csak azokat az adatokat kezeli, amelyeket a l\u00e1togat\u00f3 \u00f6nk\u00e9ntesen megad.MailerLite feliratkoz\u00e1s eset\u00e9n: n\u00e9v (opcion\u00e1lis), e-mail c\u00edm, IP-c\u00edm \u00e9s id\u0151b\u00e9lyeg (a hozz\u00e1j\u00e1rul\u00e1s igazol\u00e1s\u00e1hoz automatikusan r\u00f6gz\u00edtve). A weboldal s\u00fctiket (cookie-kat) is haszn\u00e1l, de ezek nem tartalmaznak szem\u00e9lyes adatot. 4. Az adatkezel\u00e9s jogalapja Az adatkezel\u00e9s az \u00e9rintett \u00f6nk\u00e9ntes hozz\u00e1j\u00e1rul\u00e1s\u00e1n alapul (GDPR 6. cikk (1) a)).A hozz\u00e1j\u00e1rul\u00e1s b\u00e1rmikor, indokl\u00e1s n\u00e9lk\u00fcl visszavonhat\u00f3 az e-mailek alj\u00e1n tal\u00e1lhat\u00f3 Leiratkoz\u00e1s linkre kattintva, vagy e-mailben az adatkezel\u0151n\u00e9l. 5. Adatfeldolgoz\u00f3k Az adatkezel\u0151 kiz\u00e1r\u00f3lag a MailerLite h\u00edrlev\u00e9l-k\u00fcld\u0151 szolg\u00e1ltat\u00f3t veszi ig\u00e9nybe, mint adatfeldolgoz\u00f3t. MailerLite LimitedC\u00edm: 71 Lower Baggot Street, Dublin, D02 P593, \u00cdrorsz\u00e1gWeboldal: https:\/\/www.mailerlite.comAdatv\u00e9delmi t\u00e1j\u00e9koztat\u00f3: https:\/\/www.mailerlite.com\/legal\/privacy-policy A MailerLite a GDPR-nak megfelel\u0151en kezeli az adatokat, \u00e9s azokat harmadik f\u00e9lnek nem adja tov\u00e1bb. 6. S\u00fctik (cookie-k) A weboldal [&hellip;]<\/p>\n","protected":false},"author":1,"featured_media":0,"parent":0,"menu_order":0,"comment_status":"closed","ping_status":"closed","template":"","meta":{"_et_pb_use_builder":"on","_et_pb_old_content":"","_et_gb_content_width":"","pagelayer_contact_templates":[],"_pagelayer_content":"","footnotes":""},"class_list":["post-543","page","type-page","status-publish","hentry"],"_links":{"self":[{"href":"https:\/\/thefallengodsgame.com\/en\/wp-json\/wp\/v2\/pages\/543","targetHints":{"allow":["GET"]}}],"collection":[{"href":"https:\/\/thefallengodsgame.com\/en\/wp-json\/wp\/v2\/pages"}],"about":[{"href":"https:\/\/thefallengodsgame.com\/en\/wp-json\/wp\/v2\/types\/page"}],"author":[{"embeddable":true,"href":"https:\/\/thefallengodsgame.com\/en\/wp-json\/wp\/v2\/users\/1"}],"replies":[{"embeddable":true,"href":"https:\/\/thefallengodsgame.com\/en\/wp-json\/wp\/v2\/comments?post=543"}],"version-history":[{"count":9,"href":"https:\/\/thefallengodsgame.com\/en\/wp-json\/wp\/v2\/pages\/543\/revisions"}],"predecessor-version":[{"id":578,"href":"https:\/\/thefallengodsgame.com\/en\/wp-json\/wp\/v2\/pages\/543\/revisions\/578"}],"wp:attachment":[{"href":"https:\/\/thefallengodsgame.com\/en\/wp-json\/wp\/v2\/media?parent=543"}],"curies":[{"name":"wp","href":"https:\/\/api.w.org\/{rel}","templated":true}]}}